{"id":84,"date":"2013-04-18T02:05:48","date_gmt":"2013-04-18T00:05:48","guid":{"rendered":"http:\/\/www.verkehrswendekonferenz.de\/?page_id=84"},"modified":"2018-05-21T04:00:12","modified_gmt":"2018-05-21T02:00:12","slug":"kontakt","status":"publish","type":"page","link":"https:\/\/www.fahrscheinfrei.de\/?page_id=84","title":{"rendered":"Kontakt \/ Impressum"},"content":{"rendered":"<p>Dies ist die private Webseite von mir, Oliver Bayer.\u00a0Die Piratenfraktion im Landtag NRW \u2013 die vorherige Betreiberin dieser Seite \u2013 wurde leider abgew\u00e4hlt.<\/p>\n<p>Verantwortlich f\u00fcr diese Website ist Oliver Bayer, H\u00f6rder Str. 68, 40472 D\u00fcsseldorf, kreon[at]piratenpartei-nrw.de<\/p>\n<p>Sieh Die auch die <a href=\"http:\/\/www.fahrscheinfrei.de\/?page_id=650\">Datenschutzerkl\u00e4rung<\/a> an.<\/p>\n<p><s><\/p>\n<h2>Fragen? Das Fahrscheinfrei-Team<\/h2>\n<p>E-Mail: fahrscheinfrei@piratenfraktion-nrw.de<br \/>\nOliver Bayer MdL, Telefon: 0211 \/ 884-4657<br \/>\n<a href=\"http:\/\/www.facebook.com\/fahrscheinfrei\/\">www.facebook.com\/fahrscheinfrei\/<\/a><br \/>\n<a href=\"http:\/\/www.twitter.com\/fahrfrei\">www.twitter.com\/fahrfrei<\/a><\/p>\n<h3>Die Piratenfraktion im Landtag NRW<\/h3>\n<p>Piratenfraktion im Landtag NRW<br \/>\nPlatz des Landtags 1, 40221 D\u00fcsseldorf<br \/>\n<a href=\"http:\/\/www.piratenfraktion-nrw.de\">www.piratenfraktion-nrw.de<\/a><br \/>\n<a href=\"http:\/\/www.twitter.com\/20piraten\">www.twitter.com\/20piraten<\/a><br \/>\n<a href=\"http:\/\/www.facebook.de\/PiratenfraktionNRW\">www.facebook.de\/PiratenfraktionNRW<\/a><\/p>\n<h3>Oliver Bayer MdL<\/h3>\n<p>Telefon (0211)884-4628<br \/>\nE-Mail <a title=\"Oliver Bayer\" href=\"mailto:Oliver.Bayer@landtag.nrw.de\">Oliver.Bayer@landtag.nrw.de<\/a><\/s><br \/>\nTwitter <a href=\"https:\/\/twitter.com\/kreon_nrw\" target=\"_blank\" rel=\"noopener\">@kreon_nrw<\/a><br \/>\n<a href=\"http:\/\/www.oliver-bayer.de\" target=\"_blank\" rel=\"noopener\">www.oliver-bayer.de<\/a><\/p>\n<hr \/>\n<p><a href=\"https:\/\/twitter.com\/fahrfrei\"><img loading=\"lazy\" decoding=\"async\" class=\"size-full wp-image-108 alignleft\" src=\"http:\/\/www.verkehrswendekonferenz.de\/wp-content\/uploads\/2013\/04\/twitter.png\" alt=\"Fahrscheinfrei auf Twitter\" width=\"80\" height=\"65\" \/><\/a><br \/>\n<strong>Twitter <a href=\"https:\/\/twitter.com\/fahrfrei\" target=\"_blank\" rel=\"noopener\">@fahrfrei<\/a><\/strong><\/p>\n","protected":false},"excerpt":{"rendered":"<p>Dies ist die private Webseite von mir, Oliver Bayer.\u00a0Die Piratenfraktion im Landtag NRW \u2013 die vorherige Betreiberin dieser Seite \u2013 wurde leider abgew\u00e4hlt. Verantwortlich f\u00fcr diese Website ist Oliver Bayer, H\u00f6rder Str. 68, 40472 D\u00fcsseldorf, kreon[at]piratenpartei-nrw.de Sieh Die auch die Datenschutzerkl\u00e4rung an. Fragen? Das Fahrscheinfrei-Team E-Mail: fahrscheinfrei@piratenfraktion-nrw.de Oliver Bayer MdL, Telefon: 0211 \/ 884-4657 www.facebook.com\/fahrscheinfrei\/<\/p>\n<div class=\"moretag-wrap\"><a class=\"moretag btn btn-info\" href=\"https:\/\/www.fahrscheinfrei.de\/?page_id=84\">Weiterlesen<\/a><\/div>\n","protected":false},"author":1,"featured_media":0,"parent":0,"menu_order":0,"comment_status":"open","ping_status":"open","template":"","meta":{"footnotes":""},"class_list":["post-84","page","type-page","status-publish","hentry"],"_links":{"self":[{"href":"https:\/\/www.fahrscheinfrei.de\/index.php?rest_route=\/wp\/v2\/pages\/84","targetHints":{"allow":["GET"]}}],"collection":[{"href":"https:\/\/www.fahrscheinfrei.de\/index.php?rest_route=\/wp\/v2\/pages"}],"about":[{"href":"https:\/\/www.fahrscheinfrei.de\/index.php?rest_route=\/wp\/v2\/types\/page"}],"author":[{"embeddable":true,"href":"https:\/\/www.fahrscheinfrei.de\/index.php?rest_route=\/wp\/v2\/users\/1"}],"replies":[{"embeddable":true,"href":"https:\/\/www.fahrscheinfrei.de\/index.php?rest_route=%2Fwp%2Fv2%2Fcomments&post=84"}],"version-history":[{"count":27,"href":"https:\/\/www.fahrscheinfrei.de\/index.php?rest_route=\/wp\/v2\/pages\/84\/revisions"}],"predecessor-version":[{"id":655,"href":"https:\/\/www.fahrscheinfrei.de\/index.php?rest_route=\/wp\/v2\/pages\/84\/revisions\/655"}],"wp:attachment":[{"href":"https:\/\/www.fahrscheinfrei.de\/index.php?rest_route=%2Fwp%2Fv2%2Fmedia&parent=84"}],"curies":[{"name":"wp","href":"https:\/\/api.w.org\/{rel}","templated":true}]}}