{"id":650,"date":"2018-05-21T03:54:52","date_gmt":"2018-05-21T01:54:52","guid":{"rendered":"http:\/\/www.fahrscheinfrei.de\/?page_id=650"},"modified":"2018-05-21T05:00:27","modified_gmt":"2018-05-21T03:00:27","slug":"datenschutzerklaerung","status":"publish","type":"page","link":"https:\/\/www.fahrscheinfrei.de\/?page_id=650","title":{"rendered":"Datenschutzerkl\u00e4rung"},"content":{"rendered":"<p>Dies ist die private Webseite von mir, Oliver Bayer.<\/p>\n<p>Verantwortlich f\u00fcr diese Website ist Oliver Bayer, H\u00f6rder Str. 68, 40472 D\u00fcsseldorf, kreon[at]piratenpartei-nrw.de<\/p>\n<p>Verlinkte YouTube-Videos und SocialMedia-Angebote verwenden ggf. Cookies. Einige YouTube-Videos sind via IFRAME in das Angebot meiner Website eingebunden. Diese k\u00f6nnen Sie ggf. mit deaktivierten Cookies nicht anschauen. Generell k\u00f6nnen verlinkte Websites Daten sammeln, Cookies benutzen, zus\u00e4tzliche Tracking-Dienste von Dritten einbetten und Interaktion mit diesem eingebetteten Inhalt aufzeichnen, inklusive Deiner Interaktion mit dem eingebetteten Inhalt, falls du ein Konto hast und auf dieser Website angemeldet bist.<br \/>\nAu\u00dferdem gibt es Server-Logs mit typischen Angaben (Browsertyp, Referrer, IP), die auch Auskunft\/Blockierungsm\u00f6glichkeiten im Falle von Hacking-Angriffen auf diese Seite geben sollen. Dies ist f\u00fcr die langfristige und sichere Funktion des Webservers unerl\u00e4sslich.<br \/>\nDie DSGVO verlangt eine kurze und verst\u00e4ndliche Erkl\u00e4rung und mehr ist dazu nicht zu sagen. Diese Seite nutzt Cookies und Serverlogs nicht f\u00fcr Tracking, Profiling, Werbung oder kommerzielle Interessen.<\/p>\n","protected":false},"excerpt":{"rendered":"<p>Dies ist die private Webseite von mir, Oliver Bayer. Verantwortlich f\u00fcr diese Website ist Oliver Bayer, H\u00f6rder Str. 68, 40472 D\u00fcsseldorf, kreon[at]piratenpartei-nrw.de Verlinkte YouTube-Videos und SocialMedia-Angebote verwenden ggf. Cookies. Einige YouTube-Videos sind via IFRAME in das Angebot meiner Website eingebunden. Diese k\u00f6nnen Sie ggf. mit deaktivierten Cookies nicht anschauen. Generell k\u00f6nnen verlinkte Websites Daten sammeln,<\/p>\n<div class=\"moretag-wrap\"><a class=\"moretag btn btn-info\" href=\"https:\/\/www.fahrscheinfrei.de\/?page_id=650\">Weiterlesen<\/a><\/div>\n","protected":false},"author":3,"featured_media":0,"parent":0,"menu_order":0,"comment_status":"closed","ping_status":"closed","template":"","meta":{"footnotes":""},"class_list":["post-650","page","type-page","status-publish","hentry"],"_links":{"self":[{"href":"https:\/\/www.fahrscheinfrei.de\/index.php?rest_route=\/wp\/v2\/pages\/650","targetHints":{"allow":["GET"]}}],"collection":[{"href":"https:\/\/www.fahrscheinfrei.de\/index.php?rest_route=\/wp\/v2\/pages"}],"about":[{"href":"https:\/\/www.fahrscheinfrei.de\/index.php?rest_route=\/wp\/v2\/types\/page"}],"author":[{"embeddable":true,"href":"https:\/\/www.fahrscheinfrei.de\/index.php?rest_route=\/wp\/v2\/users\/3"}],"replies":[{"embeddable":true,"href":"https:\/\/www.fahrscheinfrei.de\/index.php?rest_route=%2Fwp%2Fv2%2Fcomments&post=650"}],"version-history":[{"count":2,"href":"https:\/\/www.fahrscheinfrei.de\/index.php?rest_route=\/wp\/v2\/pages\/650\/revisions"}],"predecessor-version":[{"id":658,"href":"https:\/\/www.fahrscheinfrei.de\/index.php?rest_route=\/wp\/v2\/pages\/650\/revisions\/658"}],"wp:attachment":[{"href":"https:\/\/www.fahrscheinfrei.de\/index.php?rest_route=%2Fwp%2Fv2%2Fmedia&parent=650"}],"curies":[{"name":"wp","href":"https:\/\/api.w.org\/{rel}","templated":true}]}}