{"id":532,"date":"2016-12-07T00:01:47","date_gmt":"2016-12-06T22:01:47","guid":{"rendered":"http:\/\/www.fahrscheinfrei.de\/?page_id=532"},"modified":"2017-03-08T12:26:03","modified_gmt":"2017-03-08T10:26:03","slug":"veranstaltungen","status":"publish","type":"page","link":"https:\/\/www.fahrscheinfrei.de\/?page_id=532","title":{"rendered":"Veranstaltungen"},"content":{"rendered":"<p><a href=\"http:\/\/www.fahrscheinfrei.de\/wp-content\/uploads\/2017\/02\/201703verkehrswendeveranstaltung-bielefeld-programm.jpg\"><img loading=\"lazy\" decoding=\"async\" width=\"566\" height=\"1024\" src=\"http:\/\/www.fahrscheinfrei.de\/wp-content\/uploads\/2017\/02\/201703verkehrswendeveranstaltung-bielefeld-programm-566x1024.jpg\" alt=\"Fahrscheinfrei-Veranstaltung: Verkehrswende, Der Fahrplan, 3. M\u00e4rz 2017 ab 15:30 in Bielefeld, Ravensberger Park\" class=\"alignnone size-large wp-image-566\" srcset=\"https:\/\/www.fahrscheinfrei.de\/wp-content\/uploads\/2017\/02\/201703verkehrswendeveranstaltung-bielefeld-programm-566x1024.jpg 566w, https:\/\/www.fahrscheinfrei.de\/wp-content\/uploads\/2017\/02\/201703verkehrswendeveranstaltung-bielefeld-programm-166x300.jpg 166w, https:\/\/www.fahrscheinfrei.de\/wp-content\/uploads\/2017\/02\/201703verkehrswendeveranstaltung-bielefeld-programm-768x1390.jpg 768w, https:\/\/www.fahrscheinfrei.de\/wp-content\/uploads\/2017\/02\/201703verkehrswendeveranstaltung-bielefeld-programm.jpg 1680w\" sizes=\"auto, (max-width: 566px) 100vw, 566px\" \/><\/a><\/p>\n<h2>Der konkrete Fahrplan bis 2025<\/h2>\n<p><strong>Das Finale: Unser Gesamtkonzept f\u00fcr einen Fahrplan zur modernen Verkehrswende bis 2025!<\/strong><\/p>\n<div>\n<a href=\"http:\/\/www.fahrscheinfrei.de\/wp-content\/uploads\/2017\/03\/bus-und-bahn-fahrscheinfrei_web-1.png\"><img loading=\"lazy\" decoding=\"async\" width=\"212\" height=\"300\" class=\"alignleft size-medium wp-image-594\" src=\"http:\/\/www.fahrscheinfrei.de\/wp-content\/uploads\/2017\/03\/bus-und-bahn-fahrscheinfrei_web-1-212x300.png\" alt=\"Cover\" style=\"border: 1px solid #000;\" srcset=\"https:\/\/www.fahrscheinfrei.de\/wp-content\/uploads\/2017\/03\/bus-und-bahn-fahrscheinfrei_web-1-212x300.png 212w, https:\/\/www.fahrscheinfrei.de\/wp-content\/uploads\/2017\/03\/bus-und-bahn-fahrscheinfrei_web-1.png 595w\" sizes=\"auto, (max-width: 212px) 100vw, 212px\" \/><\/a><strong>Jetzt zum Download:<\/strong><\/p>\n<p>Der Sammelband mit Machbarkeitsstudie, Kommentar, Fahrplan zur Verkehrswende, HowTo und Faktencheck:<\/p>\n<ul>\n<li><a href=\"http:\/\/www.fahrscheinfrei.de\/wp-content\/uploads\/2017\/03\/bus-und-bahn-fahrscheinfrei_web.pdf\">Bus und Bahn #Fahrscheinfrei \u2013 Der Weg zur smartgerechten Verkehrswende<\/a><\/li>\n<\/ul>\n<\/div>\n<hr \/>\n<p>Wir werden Bus und Bahn massiv ausbauen und f\u00fcr alle attraktiver und bequemer gestalten; f\u00fcr mehr Lebensqualit\u00e4t und Platz in den St\u00e4dten und eine echte Alternative auf dem Land. Der Tarifdschungel wird abgeschafft, der Nahverkehr wird fahrscheinfrei jederzeit f\u00fcr alle zug\u00e4nglich. Die Chancen der Digitalisierung werden f\u00fcr eine smartgerechte Verkehrswende genutzt, damit NRW nicht im Stau erstickt.<\/p>\n<p>Am 3. M\u00e4rz 2017 im Ravensberger Park, Bielefeld<\/p>\n<ul>\n<li>15:30 Fahrplan zur Verkehrswende bis 2025<\/li>\n<li>18:00 Abendprogramm<\/li>\n<\/ul>\n<p>Am Abend wird der Debattierklub der Uni Paderborn &#8222;Debating Society Paderborn&#8220; Pro- und Contra zu Bus und Bahn fahrscheinfrei noch einmal auf seine Art pr\u00e4sentieren.<\/p>\n","protected":false},"excerpt":{"rendered":"<p>Der konkrete Fahrplan bis 2025 Das Finale: Unser Gesamtkonzept f\u00fcr einen Fahrplan zur modernen Verkehrswende bis 2025! Jetzt zum Download: Der Sammelband mit Machbarkeitsstudie, Kommentar, Fahrplan zur Verkehrswende, HowTo und Faktencheck: Bus und Bahn #Fahrscheinfrei \u2013 Der Weg zur smartgerechten Verkehrswende Wir werden Bus und Bahn massiv ausbauen und f\u00fcr alle attraktiver und bequemer gestalten;<\/p>\n<div class=\"moretag-wrap\"><a class=\"moretag btn btn-info\" href=\"https:\/\/www.fahrscheinfrei.de\/?page_id=532\">Weiterlesen<\/a><\/div>\n","protected":false},"author":3,"featured_media":0,"parent":0,"menu_order":0,"comment_status":"closed","ping_status":"closed","template":"","meta":{"footnotes":""},"class_list":["post-532","page","type-page","status-publish","hentry"],"_links":{"self":[{"href":"https:\/\/www.fahrscheinfrei.de\/index.php?rest_route=\/wp\/v2\/pages\/532","targetHints":{"allow":["GET"]}}],"collection":[{"href":"https:\/\/www.fahrscheinfrei.de\/index.php?rest_route=\/wp\/v2\/pages"}],"about":[{"href":"https:\/\/www.fahrscheinfrei.de\/index.php?rest_route=\/wp\/v2\/types\/page"}],"author":[{"embeddable":true,"href":"https:\/\/www.fahrscheinfrei.de\/index.php?rest_route=\/wp\/v2\/users\/3"}],"replies":[{"embeddable":true,"href":"https:\/\/www.fahrscheinfrei.de\/index.php?rest_route=%2Fwp%2Fv2%2Fcomments&post=532"}],"version-history":[{"count":4,"href":"https:\/\/www.fahrscheinfrei.de\/index.php?rest_route=\/wp\/v2\/pages\/532\/revisions"}],"predecessor-version":[{"id":600,"href":"https:\/\/www.fahrscheinfrei.de\/index.php?rest_route=\/wp\/v2\/pages\/532\/revisions\/600"}],"wp:attachment":[{"href":"https:\/\/www.fahrscheinfrei.de\/index.php?rest_route=%2Fwp%2Fv2%2Fmedia&parent=532"}],"curies":[{"name":"wp","href":"https:\/\/api.w.org\/{rel}","templated":true}]}}