{"id":525,"date":"2016-12-06T23:55:31","date_gmt":"2016-12-06T21:55:31","guid":{"rendered":"http:\/\/www.fahrscheinfrei.de\/?page_id=525"},"modified":"2016-12-06T23:55:31","modified_gmt":"2016-12-06T21:55:31","slug":"muenster-testet-einen-tag-fahrscheinfrei","status":"publish","type":"page","link":"https:\/\/www.fahrscheinfrei.de\/?page_id=525","title":{"rendered":"M\u00fcnster testet einen Tag #fahrscheinfrei"},"content":{"rendered":"<p><a href=\"http:\/\/www.fahrscheinfrei.de\/wp-content\/uploads\/2016\/10\/fahrscheinfreitag-muensterN-2.png\"><img loading=\"lazy\" decoding=\"async\" width=\"248\" height=\"300\" class=\"alignright size-medium wp-image-514\" src=\"http:\/\/www.fahrscheinfrei.de\/wp-content\/uploads\/2016\/10\/fahrscheinfreitag-muensterN-2-248x300.png\" alt=\"fahrscheinfreitag-muenstern-2\" srcset=\"https:\/\/www.fahrscheinfrei.de\/wp-content\/uploads\/2016\/10\/fahrscheinfreitag-muensterN-2-248x300.png 248w, https:\/\/www.fahrscheinfrei.de\/wp-content\/uploads\/2016\/10\/fahrscheinfreitag-muensterN-2-768x929.png 768w, https:\/\/www.fahrscheinfrei.de\/wp-content\/uploads\/2016\/10\/fahrscheinfreitag-muensterN-2-847x1024.png 847w\" sizes=\"auto, (max-width: 248px) 100vw, 248px\" \/><\/a>Die Ratsgruppe Piraten\/\u00d6DP warb im Rat der Stadt M\u00fcnster daf\u00fcr, das neue Liniennetz und die Ringlinie mit einer fahrscheinfreien Woche zu bewerben, damit vor allem Pendler vom \u00d6PNV \u00fcberzeugt werden. Am 15. Oktober 2016 gibt es nun einen einzelnen Fahrscheinfreitag. Nutze ihn!<\/p>\n<p><strong>Teste einen Tag #fahrscheinfrei<\/strong> und erlebe, einmal nicht \u00fcber Tarife und Fahrkartenautomaten nachdenken zu m\u00fcssen.<\/p>\n<p><strong>Zwei Jahre #fahrscheinfrei<\/strong> \u2026und viel mehr Menschen w\u00fcrden Bus und Bahn fahren. Mehr Busse und mehr Linien w\u00fcrden es f\u00fcr alle attraktiver und bequemer machen. Langfristig w\u00fcrde die Gesellschaft dadurch im Verkehrsbereich eine Menge Geld sparen.<br \/>\nDie Piratenpartei, die Ratspiraten und die Piratenfraktion im Landtag NRW arbeiten intensiv an diesem Projekt.<\/p>\n","protected":false},"excerpt":{"rendered":"<p>Die Ratsgruppe Piraten\/\u00d6DP warb im Rat der Stadt M\u00fcnster daf\u00fcr, das neue Liniennetz und die Ringlinie mit einer fahrscheinfreien Woche zu bewerben, damit vor allem Pendler vom \u00d6PNV \u00fcberzeugt werden. Am 15. Oktober 2016 gibt es nun einen einzelnen Fahrscheinfreitag. Nutze ihn! Teste einen Tag #fahrscheinfrei und erlebe, einmal nicht \u00fcber Tarife und Fahrkartenautomaten nachdenken<\/p>\n<div class=\"moretag-wrap\"><a class=\"moretag btn btn-info\" href=\"https:\/\/www.fahrscheinfrei.de\/?page_id=525\">Weiterlesen<\/a><\/div>\n","protected":false},"author":3,"featured_media":0,"parent":2,"menu_order":0,"comment_status":"closed","ping_status":"closed","template":"","meta":{"footnotes":""},"class_list":["post-525","page","type-page","status-publish","hentry"],"_links":{"self":[{"href":"https:\/\/www.fahrscheinfrei.de\/index.php?rest_route=\/wp\/v2\/pages\/525","targetHints":{"allow":["GET"]}}],"collection":[{"href":"https:\/\/www.fahrscheinfrei.de\/index.php?rest_route=\/wp\/v2\/pages"}],"about":[{"href":"https:\/\/www.fahrscheinfrei.de\/index.php?rest_route=\/wp\/v2\/types\/page"}],"author":[{"embeddable":true,"href":"https:\/\/www.fahrscheinfrei.de\/index.php?rest_route=\/wp\/v2\/users\/3"}],"replies":[{"embeddable":true,"href":"https:\/\/www.fahrscheinfrei.de\/index.php?rest_route=%2Fwp%2Fv2%2Fcomments&post=525"}],"version-history":[{"count":1,"href":"https:\/\/www.fahrscheinfrei.de\/index.php?rest_route=\/wp\/v2\/pages\/525\/revisions"}],"predecessor-version":[{"id":526,"href":"https:\/\/www.fahrscheinfrei.de\/index.php?rest_route=\/wp\/v2\/pages\/525\/revisions\/526"}],"up":[{"embeddable":true,"href":"https:\/\/www.fahrscheinfrei.de\/index.php?rest_route=\/wp\/v2\/pages\/2"}],"wp:attachment":[{"href":"https:\/\/www.fahrscheinfrei.de\/index.php?rest_route=%2Fwp%2Fv2%2Fmedia&parent=525"}],"curies":[{"name":"wp","href":"https:\/\/api.w.org\/{rel}","templated":true}]}}