{"id":523,"date":"2016-12-06T23:54:40","date_gmt":"2016-12-06T21:54:40","guid":{"rendered":"http:\/\/www.fahrscheinfrei.de\/?page_id=523"},"modified":"2016-12-06T23:54:40","modified_gmt":"2016-12-06T21:54:40","slug":"veranstaltung-zur-finanzierung-von-bus-und-bahn","status":"publish","type":"page","link":"https:\/\/www.fahrscheinfrei.de\/?page_id=523","title":{"rendered":"Veranstaltung zur Finanzierung von Bus und Bahn"},"content":{"rendered":"<p><a href=\"http:\/\/www.fahrscheinfrei.de\/wp-content\/uploads\/2016\/07\/fahrscheinfreitag-duisburg-achterbahn.png\"><img loading=\"lazy\" decoding=\"async\" width=\"300\" height=\"258\" class=\"alignright size-medium wp-image-517\" src=\"http:\/\/www.fahrscheinfrei.de\/wp-content\/uploads\/2016\/07\/fahrscheinfreitag-duisburg-achterbahn-300x258.png\" alt=\"fahrscheinfreitag-duisburg-achterbahn\" srcset=\"https:\/\/www.fahrscheinfrei.de\/wp-content\/uploads\/2016\/07\/fahrscheinfreitag-duisburg-achterbahn-300x258.png 300w, https:\/\/www.fahrscheinfrei.de\/wp-content\/uploads\/2016\/07\/fahrscheinfreitag-duisburg-achterbahn-768x660.png 768w, https:\/\/www.fahrscheinfrei.de\/wp-content\/uploads\/2016\/07\/fahrscheinfreitag-duisburg-achterbahn-1024x880.png 1024w\" sizes=\"auto, (max-width: 300px) 100vw, 300px\" \/><\/a>Die Piratenfraktion im Landtag NRW und die Fraktion der Piratenpartei aus dem Regionalverband Ruhr laden Sie zur Podiumsdiskussion ein:<\/p>\n<p style=\"text-align: center;\"><strong>Donnerstag, 27. Oktober 2016, 18:30 Uhr<\/strong><br \/>\nDuisburg \u2013 <a href=\"http:\/\/www.grammatikoff.de\">Kulturhaus Grammatikoff<\/a><br \/>\nDellplatz 16a \/ Ecke Goldstra\u00dfe<\/p>\n<p>Was \u00e4ndert sich? Was muss sich \u00e4ndern? Was kann sich \u00e4ndern? Ist ein optimaler \u00f6ffentlicher Nahverkehr finanzierbar und ein neues System wie Bus und Bahn #fahrscheinfrei planbar?<br \/>\nUnsere Podiumsg\u00e4ste bringen Ihr unterschiedliches Fachwissen und neue Ideen f\u00fcr Sie mit:<\/p>\n<ul>\n<li>Frank Heidenreich, Stellv. Vorsitzender Verwaltungsrat VRR<\/li>\n<li>Kerstin Ciesla, Vorsitzende BUND, Duisburg<\/li>\n<li>Oliver Bayer MdL, Vorsitzender Enquete-Kommission \u00d6PNV, Landtag NRW<\/li>\n<li>Dr. Gregor Waluga, Wuppertal Institut f\u00fcr Klima, Umwelt, Energie<\/li>\n<li>Dieter McDevitt, Mitglied im Regionalverband Ruhr<\/li>\n<\/ul>\n<p>Der Eintritt ist frei.<\/p>\n","protected":false},"excerpt":{"rendered":"<p>Die Piratenfraktion im Landtag NRW und die Fraktion der Piratenpartei aus dem Regionalverband Ruhr laden Sie zur Podiumsdiskussion ein: Donnerstag, 27. Oktober 2016, 18:30 Uhr Duisburg \u2013 Kulturhaus Grammatikoff Dellplatz 16a \/ Ecke Goldstra\u00dfe Was \u00e4ndert sich? Was muss sich \u00e4ndern? Was kann sich \u00e4ndern? Ist ein optimaler \u00f6ffentlicher Nahverkehr finanzierbar und ein neues System<\/p>\n<div class=\"moretag-wrap\"><a class=\"moretag btn btn-info\" href=\"https:\/\/www.fahrscheinfrei.de\/?page_id=523\">Weiterlesen<\/a><\/div>\n","protected":false},"author":3,"featured_media":0,"parent":2,"menu_order":0,"comment_status":"closed","ping_status":"closed","template":"","meta":{"footnotes":""},"class_list":["post-523","page","type-page","status-publish","hentry"],"_links":{"self":[{"href":"https:\/\/www.fahrscheinfrei.de\/index.php?rest_route=\/wp\/v2\/pages\/523","targetHints":{"allow":["GET"]}}],"collection":[{"href":"https:\/\/www.fahrscheinfrei.de\/index.php?rest_route=\/wp\/v2\/pages"}],"about":[{"href":"https:\/\/www.fahrscheinfrei.de\/index.php?rest_route=\/wp\/v2\/types\/page"}],"author":[{"embeddable":true,"href":"https:\/\/www.fahrscheinfrei.de\/index.php?rest_route=\/wp\/v2\/users\/3"}],"replies":[{"embeddable":true,"href":"https:\/\/www.fahrscheinfrei.de\/index.php?rest_route=%2Fwp%2Fv2%2Fcomments&post=523"}],"version-history":[{"count":1,"href":"https:\/\/www.fahrscheinfrei.de\/index.php?rest_route=\/wp\/v2\/pages\/523\/revisions"}],"predecessor-version":[{"id":524,"href":"https:\/\/www.fahrscheinfrei.de\/index.php?rest_route=\/wp\/v2\/pages\/523\/revisions\/524"}],"up":[{"embeddable":true,"href":"https:\/\/www.fahrscheinfrei.de\/index.php?rest_route=\/wp\/v2\/pages\/2"}],"wp:attachment":[{"href":"https:\/\/www.fahrscheinfrei.de\/index.php?rest_route=%2Fwp%2Fv2%2Fmedia&parent=523"}],"curies":[{"name":"wp","href":"https:\/\/api.w.org\/{rel}","templated":true}]}}