{"id":39,"date":"2013-04-11T04:17:00","date_gmt":"2013-04-11T02:17:00","guid":{"rendered":"http:\/\/www.verkehrswendekonferenz.de\/?page_id=39"},"modified":"2016-05-15T19:45:01","modified_gmt":"2016-05-15T17:45:01","slug":"verkehr-finanzierung-verkehrswende-und-fahrscheinloser-opnv","status":"publish","type":"page","link":"https:\/\/www.fahrscheinfrei.de\/?page_id=39","title":{"rendered":"Bus und Bahn fahrscheinfrei ist &#8230;"},"content":{"rendered":"<p>die Bereitstellung von Bussen und Bahnen f\u00fcr jedermann, ohne f\u00fcr deren Nutzung ein Ticket f\u00fcr eine bestimmte Strecke oder einen bestimmten Zeitraum l\u00f6sen zu m\u00fcssen.<\/p>\n<p><a href=\"http:\/\/www.verkehrswendekonferenz.de\/wp-content\/uploads\/2016\/05\/fahrscheinfrei-haltestelle-fb.jpg\"><img loading=\"lazy\" decoding=\"async\" width=\"980\" height=\"450\" class=\"alignnone size-full wp-image-393\" src=\"http:\/\/www.verkehrswendekonferenz.de\/wp-content\/uploads\/2016\/05\/fahrscheinfrei-haltestelle-fb-980x450.jpg\" alt=\"fahrscheinfrei-haltestelle-fb\" \/><\/a><\/p>\n<h3>Bus und Bahn fahrscheinfrei bringt ..<\/h3>\n<ul>\n<li>Freiheit f\u00fcr alle: der Tarifdschungel entf\u00e4llt<\/li>\n<li>solidarisch finanzierten Zugang f\u00fcr alle<\/li>\n<li>eine Erweiterung des Bus- und Bahnangebots<\/li>\n<li>mehr Lebensqualit\u00e4t am Wohnort<\/li>\n<li>eine solide Finanzierung unserer Infrastruktur<\/li>\n<\/ul>\n<h3>Bus und Bahn fahrscheinfrei kann finanziert werden durch &#8230;<\/h3>\n<ul>\n<li>solidarische Umlagebeitr\u00e4ge<\/li>\n<li>Nahverkehrsabgaben zum Beispiel von<\/li>\n<li>Veranstaltern oder Arbeitgebern<\/li>\n<li>eine Kurtaxe f\u00fcr \u00dcbernachtungsg\u00e4ste<\/li>\n<li>intensivere Parkraumbewirtschaftung<\/li>\n<li>Sponsoring<\/li>\n<li>eine Gegenfinanzierung mit der Pendler-<\/li>\n<li>pauschale oder der Energiesteuer<\/li>\n<\/ul>\n<p>Mobilit\u00e4t ist die Grundlage moderner, arbeitsteilig organisierter Gesellschaften \u2013 eine zentrale Vorbedingung f\u00fcr den Zusammenhalt, f\u00fcr Entwicklung und Kultur \u2013 eine gesellschaftliche Notwendigkeit. Deshalb z\u00e4hlt die Verkehrsinfrastruktur zur \u00f6ffentlichen Daseinsvorsorge.<br \/>\nIm Sinne gesellschaftlicher Teilhabe muss Mobilit\u00e4t ein Grundrecht sein \u2013 auch f\u00fcr Menschen ohne eigenes Auto. Der Klimawandel und der hohe finanzielle Aufwand f\u00fcr den Erhalt der jetzigen Infrastruktur verlangen zudem \u00c4nderungen in der Verkehrspolitik.<\/p>\n<p>Der aktuelle Erneuerungsbedarf der Verkehrsinfrastruktur bietet uns ein Entscheidungsfenster, diese Verkehrswende mit Weichenstellungen f\u00fcr Jahrzehnte aktiv zu gestalten. Einem attraktiven \u00d6PNV kommt dabei eine besonders hohe Bedeutung zu.<\/p>\n<p>Die Verkehrswendekonferenz soll Menschen, Ideen und Konzepte zusammenf\u00fchren und Prognosen sowie L\u00f6sungen f\u00fcr die Entwicklung der Verkehrsinfrastruktur dieses Jahrhunderts aufzeigen.<br \/>\nAktuelle \u201cKommissionen\u201d liefern viele wichtige Hinweise und bedeutende Argumente f\u00fcr Verkehrspolitiker, sie liefern jedoch nur wenige Antworten bzgl. einer an den aktuellen Anforderungen ausgerichteten grundlegend neugedachten, nachhaltigen Verkehrs- und Mobilit\u00e4tspolitik.<\/p>\n<ul>\n<li><a href=\"http:\/\/www.verkehrswendekonferenz.de\/wp-content\/uploads\/2016\/05\/fahrscheinfrei-6seiter-v17-Marl.pdf\">Lade Dir unseren aktuellen Flyer als PDF<\/a><\/li>\n<\/ul>\n","protected":false},"excerpt":{"rendered":"<p>die Bereitstellung von Bussen und Bahnen f\u00fcr jedermann, ohne f\u00fcr deren Nutzung ein Ticket f\u00fcr eine bestimmte Strecke oder einen bestimmten Zeitraum l\u00f6sen zu m\u00fcssen. Bus und Bahn fahrscheinfrei bringt .. Freiheit f\u00fcr alle: der Tarifdschungel entf\u00e4llt solidarisch finanzierten Zugang f\u00fcr alle eine Erweiterung des Bus- und Bahnangebots mehr Lebensqualit\u00e4t am Wohnort eine solide Finanzierung<\/p>\n<div class=\"moretag-wrap\"><a class=\"moretag btn btn-info\" href=\"https:\/\/www.fahrscheinfrei.de\/?page_id=39\">Weiterlesen<\/a><\/div>\n","protected":false},"author":1,"featured_media":0,"parent":0,"menu_order":0,"comment_status":"open","ping_status":"open","template":"","meta":{"footnotes":""},"class_list":["post-39","page","type-page","status-publish","hentry"],"_links":{"self":[{"href":"https:\/\/www.fahrscheinfrei.de\/index.php?rest_route=\/wp\/v2\/pages\/39","targetHints":{"allow":["GET"]}}],"collection":[{"href":"https:\/\/www.fahrscheinfrei.de\/index.php?rest_route=\/wp\/v2\/pages"}],"about":[{"href":"https:\/\/www.fahrscheinfrei.de\/index.php?rest_route=\/wp\/v2\/types\/page"}],"author":[{"embeddable":true,"href":"https:\/\/www.fahrscheinfrei.de\/index.php?rest_route=\/wp\/v2\/users\/1"}],"replies":[{"embeddable":true,"href":"https:\/\/www.fahrscheinfrei.de\/index.php?rest_route=%2Fwp%2Fv2%2Fcomments&post=39"}],"version-history":[{"count":11,"href":"https:\/\/www.fahrscheinfrei.de\/index.php?rest_route=\/wp\/v2\/pages\/39\/revisions"}],"predecessor-version":[{"id":409,"href":"https:\/\/www.fahrscheinfrei.de\/index.php?rest_route=\/wp\/v2\/pages\/39\/revisions\/409"}],"wp:attachment":[{"href":"https:\/\/www.fahrscheinfrei.de\/index.php?rest_route=%2Fwp%2Fv2%2Fmedia&parent=39"}],"curies":[{"name":"wp","href":"https:\/\/api.w.org\/{rel}","templated":true}]}}