{"id":368,"date":"2016-03-10T00:55:21","date_gmt":"2016-03-09T22:55:21","guid":{"rendered":"http:\/\/www.verkehrswendekonferenz.de\/?page_id=368"},"modified":"2016-03-10T00:55:21","modified_gmt":"2016-03-09T22:55:21","slug":"oliver-bayer","status":"publish","type":"page","link":"https:\/\/www.fahrscheinfrei.de\/?page_id=368","title":{"rendered":"Oliver Bayer"},"content":{"rendered":"<p>Oliver Bayer ist Geograph, Medien- und Informationswissenschaftler und war im Bereich IT- und Unternehmensorganisation t\u00e4tig, bevor er 2012 f\u00fcr die Piratenpartei als Abgeordneter in den Landtag einzog. Dort k\u00fcmmert er sich um die Bereiche Bauen, Wohnen, Stadtentwicklung und Verkehr sowie um Innovation, Wissenschaft und Forschung. Seit Ende 2014 ist Oliver Bayer Vorsitzender der Enquetekommission zur Finanzierung, Innovation und Nutzung des \u00d6ffentlichen Personenverkehrs.<\/p>\n","protected":false},"excerpt":{"rendered":"<p>Oliver Bayer ist Geograph, Medien- und Informationswissenschaftler und war im Bereich IT- und Unternehmensorganisation t\u00e4tig, bevor er 2012 f\u00fcr die Piratenpartei als Abgeordneter in den Landtag einzog. Dort k\u00fcmmert er sich um die Bereiche Bauen, Wohnen, Stadtentwicklung und Verkehr sowie um Innovation, Wissenschaft und Forschung. Seit Ende 2014 ist Oliver Bayer Vorsitzender der Enquetekommission zur<\/p>\n<div class=\"moretag-wrap\"><a class=\"moretag btn btn-info\" href=\"https:\/\/www.fahrscheinfrei.de\/?page_id=368\">Weiterlesen<\/a><\/div>\n","protected":false},"author":3,"featured_media":0,"parent":0,"menu_order":0,"comment_status":"closed","ping_status":"closed","template":"","meta":{"footnotes":""},"class_list":["post-368","page","type-page","status-publish","hentry"],"_links":{"self":[{"href":"https:\/\/www.fahrscheinfrei.de\/index.php?rest_route=\/wp\/v2\/pages\/368","targetHints":{"allow":["GET"]}}],"collection":[{"href":"https:\/\/www.fahrscheinfrei.de\/index.php?rest_route=\/wp\/v2\/pages"}],"about":[{"href":"https:\/\/www.fahrscheinfrei.de\/index.php?rest_route=\/wp\/v2\/types\/page"}],"author":[{"embeddable":true,"href":"https:\/\/www.fahrscheinfrei.de\/index.php?rest_route=\/wp\/v2\/users\/3"}],"replies":[{"embeddable":true,"href":"https:\/\/www.fahrscheinfrei.de\/index.php?rest_route=%2Fwp%2Fv2%2Fcomments&post=368"}],"version-history":[{"count":1,"href":"https:\/\/www.fahrscheinfrei.de\/index.php?rest_route=\/wp\/v2\/pages\/368\/revisions"}],"predecessor-version":[{"id":369,"href":"https:\/\/www.fahrscheinfrei.de\/index.php?rest_route=\/wp\/v2\/pages\/368\/revisions\/369"}],"wp:attachment":[{"href":"https:\/\/www.fahrscheinfrei.de\/index.php?rest_route=%2Fwp%2Fv2%2Fmedia&parent=368"}],"curies":[{"name":"wp","href":"https:\/\/api.w.org\/{rel}","templated":true}]}}