{"id":365,"date":"2016-03-10T00:54:55","date_gmt":"2016-03-09T22:54:55","guid":{"rendered":"http:\/\/www.verkehrswendekonferenz.de\/?page_id=365"},"modified":"2016-03-10T00:54:55","modified_gmt":"2016-03-09T22:54:55","slug":"ann-cathrin-klappert","status":"publish","type":"page","link":"https:\/\/www.fahrscheinfrei.de\/?page_id=365","title":{"rendered":"Ann-Cathrin Klappert"},"content":{"rendered":"<p>Ann-Cathrin Klappert ist Moderatorin, Journalistin und Mitglied der Open Data Bewegung in Wuppertal. Dabei setzt sie sich vor allem f\u00fcr die F\u00f6rderung von Medienkompetenz, eine bessere Kommunikation und Bereitstellung von offenen Daten ein. Zurzeit arbeitet sie f\u00fcr die Mausbrand Informationssysteme GmbH.<\/p>\n","protected":false},"excerpt":{"rendered":"<p>Ann-Cathrin Klappert ist Moderatorin, Journalistin und Mitglied der Open Data Bewegung in Wuppertal. Dabei setzt sie sich vor allem f\u00fcr die F\u00f6rderung von Medienkompetenz, eine bessere Kommunikation und Bereitstellung von offenen Daten ein. Zurzeit arbeitet sie f\u00fcr die Mausbrand Informationssysteme GmbH.<\/p>\n","protected":false},"author":3,"featured_media":0,"parent":0,"menu_order":0,"comment_status":"closed","ping_status":"closed","template":"","meta":{"footnotes":""},"class_list":["post-365","page","type-page","status-publish","hentry"],"_links":{"self":[{"href":"https:\/\/www.fahrscheinfrei.de\/index.php?rest_route=\/wp\/v2\/pages\/365","targetHints":{"allow":["GET"]}}],"collection":[{"href":"https:\/\/www.fahrscheinfrei.de\/index.php?rest_route=\/wp\/v2\/pages"}],"about":[{"href":"https:\/\/www.fahrscheinfrei.de\/index.php?rest_route=\/wp\/v2\/types\/page"}],"author":[{"embeddable":true,"href":"https:\/\/www.fahrscheinfrei.de\/index.php?rest_route=\/wp\/v2\/users\/3"}],"replies":[{"embeddable":true,"href":"https:\/\/www.fahrscheinfrei.de\/index.php?rest_route=%2Fwp%2Fv2%2Fcomments&post=365"}],"version-history":[{"count":1,"href":"https:\/\/www.fahrscheinfrei.de\/index.php?rest_route=\/wp\/v2\/pages\/365\/revisions"}],"predecessor-version":[{"id":366,"href":"https:\/\/www.fahrscheinfrei.de\/index.php?rest_route=\/wp\/v2\/pages\/365\/revisions\/366"}],"wp:attachment":[{"href":"https:\/\/www.fahrscheinfrei.de\/index.php?rest_route=%2Fwp%2Fv2%2Fmedia&parent=365"}],"curies":[{"name":"wp","href":"https:\/\/api.w.org\/{rel}","templated":true}]}}