{"id":363,"date":"2016-03-10T00:54:25","date_gmt":"2016-03-09T22:54:25","guid":{"rendered":"http:\/\/www.verkehrswendekonferenz.de\/?page_id=363"},"modified":"2016-03-10T00:54:25","modified_gmt":"2016-03-09T22:54:25","slug":"gregor-waluga","status":"publish","type":"page","link":"https:\/\/www.fahrscheinfrei.de\/?page_id=363","title":{"rendered":"Gregor Waluga"},"content":{"rendered":"<p>Gregor Waluga studierte bis 2009 Geographie auf Diplom in Mainz mit der Vertiefung Verkehrsgeographie. Seit 2010 ist er Doktorand am Wuppertal Institut zum Thema \u201eFlexibilisierung des \u00d6PNV durch ein umlagefinanziertes B\u00fcrgerticket\u201c (eingereicht im Dezember 2015). Derzeit ist Gregor Waluga als wissenschaftlicher Referent f\u00fcr die Piratenfraktion im Landtag NRW in der Enquetekommission zur Finanzierung, Innovation und Nutzung des \u00d6ffentlichen Personenverkehrs t\u00e4tig.<\/p>\n","protected":false},"excerpt":{"rendered":"<p>Gregor Waluga studierte bis 2009 Geographie auf Diplom in Mainz mit der Vertiefung Verkehrsgeographie. Seit 2010 ist er Doktorand am Wuppertal Institut zum Thema \u201eFlexibilisierung des \u00d6PNV durch ein umlagefinanziertes B\u00fcrgerticket\u201c (eingereicht im Dezember 2015). Derzeit ist Gregor Waluga als wissenschaftlicher Referent f\u00fcr die Piratenfraktion im Landtag NRW in der Enquetekommission zur Finanzierung, Innovation und<\/p>\n<div class=\"moretag-wrap\"><a class=\"moretag btn btn-info\" href=\"https:\/\/www.fahrscheinfrei.de\/?page_id=363\">Weiterlesen<\/a><\/div>\n","protected":false},"author":3,"featured_media":0,"parent":0,"menu_order":0,"comment_status":"closed","ping_status":"closed","template":"","meta":{"footnotes":""},"class_list":["post-363","page","type-page","status-publish","hentry"],"_links":{"self":[{"href":"https:\/\/www.fahrscheinfrei.de\/index.php?rest_route=\/wp\/v2\/pages\/363","targetHints":{"allow":["GET"]}}],"collection":[{"href":"https:\/\/www.fahrscheinfrei.de\/index.php?rest_route=\/wp\/v2\/pages"}],"about":[{"href":"https:\/\/www.fahrscheinfrei.de\/index.php?rest_route=\/wp\/v2\/types\/page"}],"author":[{"embeddable":true,"href":"https:\/\/www.fahrscheinfrei.de\/index.php?rest_route=\/wp\/v2\/users\/3"}],"replies":[{"embeddable":true,"href":"https:\/\/www.fahrscheinfrei.de\/index.php?rest_route=%2Fwp%2Fv2%2Fcomments&post=363"}],"version-history":[{"count":1,"href":"https:\/\/www.fahrscheinfrei.de\/index.php?rest_route=\/wp\/v2\/pages\/363\/revisions"}],"predecessor-version":[{"id":364,"href":"https:\/\/www.fahrscheinfrei.de\/index.php?rest_route=\/wp\/v2\/pages\/363\/revisions\/364"}],"wp:attachment":[{"href":"https:\/\/www.fahrscheinfrei.de\/index.php?rest_route=%2Fwp%2Fv2%2Fmedia&parent=363"}],"curies":[{"name":"wp","href":"https:\/\/api.w.org\/{rel}","templated":true}]}}