{"id":139,"date":"2013-05-18T21:57:54","date_gmt":"2013-05-18T19:57:54","guid":{"rendered":"http:\/\/www.verkehrswendekonferenz.de\/?page_id=139"},"modified":"2016-03-10T00:58:27","modified_gmt":"2016-03-09T22:58:27","slug":"das-programm","status":"publish","type":"page","link":"https:\/\/www.fahrscheinfrei.de\/?page_id=139","title":{"rendered":"Das Programm"},"content":{"rendered":"<table id=\"tabelle\">\n<tr>\n<th>10:30-11:00<\/th>\n<td colspan=\"2\"><strong>Registrierung<\/strong><\/td>\n<\/tr>\n<tr>\n<th>11:00-11:10<\/th>\n<td colspan=\"2\"><strong>Begr\u00fc\u00dfung, Vorstellung, Tagesablauf<\/strong><br \/><em>Moderation: <a href=\"?page_id=365\">Ann-Cathrin Klappert<\/a><\/em>\n<\/td>\n<\/tr>\n<tr>\n<th>11:00-11:40<\/th>\n<td colspan=\"2\"><strong>Keynote: &#8222;Warum m\u00fcssen wir in der Nahverkehrsfinanzierung umdenken?&#8220;<\/strong><br \/><em><a href=\"?page_id=155\">Thomas Mager, K\u00f6ln<\/a><br \/>Stadt- und Verkehrsplaner, Gr\u00fcnder der tjm-consulting mobilit\u00e4tsmanagement<\/em>\n<\/td>\n<\/tr>\n<tr>\n<th>11:40-11:50<\/th>\n<td colspan=\"2\"><strong>Impulsvortrag: &#8222;Bus und Bahn #fahrscheinfrei \u2013 die politische Chance.&#8220;<\/strong><br \/><em><a href=\"?page_id=368\">Oliver Bayer MdL, D\u00fcsseldorf<\/a><br \/>Piratenfraktion im Landtag NRW, Vorsitzender der Enquetekommission zur Finanzierung, Innovation und Nutzung des \u00d6ffentlichen Personenverkehrs (FIN\u00d6PV)<\/em>\n<\/td>\n<\/tr>\n<tr>\n<th>11:50-12:20<\/th>\n<td colspan=\"2\"><strong>Fachvortrag: &#8222;#fahrscheinfrei \u2013 wie l\u00e4sst sich das umsetzen?&#8220;<\/strong><br \/><em><a href=\"?page_id=363\">Gregor Waluga, Neuss<\/a><br \/>Doktorand am Wuppertal Institut, Referent f\u00fcr die Enquetekommission FIN\u00d6PV<\/em>\n<\/td>\n<\/tr>\n<tr>\n<th>12:20-13:00<\/th>\n<td colspan=\"2\"><strong>Podiumsdiskussion mit den Dozenten<\/strong>\n<\/td>\n<\/tr>\n<tr>\n<th>13:00-14:00<\/th>\n<td colspan=\"2\"><strong>Mittagspause<\/strong>\n<\/td>\n<\/tr>\n<tr>\n<th>14:00-16:00<\/th>\n<td colspan=\"2\"><strong>Video-Pr\u00e4sentation #fahrscheinfrei<\/strong><br \/>im Anschluss Aufteilung in Workshops:\n<\/td>\n<\/tr>\n<tr>\n<td>&#160;<\/td>\n<td><strong>Workshop 1<\/strong><br \/>&#8222;Wie kann man das Projekt #fahrscheinfrei mit Mitteln der Kampagnensprache<br \/>formulieren und erfolgreich kommunal kommunizieren?&#8220;<br \/><em>mit Eric Wallis, Campaigner und Kampagnenanalyst<br \/>Hansj\u00f6rg Gebel, Landesgesch\u00e4ftsf\u00fchrer PiKo NRW,<br \/>und Tina Gross, Referentin f\u00fcr Kampagnen der Piratenfraktion im Landtag NRW<\/em>\n<\/td>\n<td><strong>Workshop 2<\/strong><br \/><strong>Teil 1:<\/strong> &#8222;Welche Forderungen habt Ihr an die Landesregierung zu Bus und Bahn #fahrscheinfrei?&#8220;<br \/><strong>Teil 2:<\/strong> &#8222;Welche Projekte zu Bus und Bahn #fahrscheinfrei lassen sich kommunal umsetzen?&#8220;<br \/><em>mit Thomas Mager, Stadt- und Verkehrsplaner<br \/>mit Gregor Waluga, Referent Enquetekommission FIN\u00d6PV<br \/>und Britta Eschmann, Abgeordnetenb\u00fcro Oliver Bayer MdL<\/em>\n<\/td>\n<\/tr>\n<tr>\n<th>16:00-16:30<\/th>\n<td colspan=\"2\"><strong>Kreativpause<\/strong>\n<\/td>\n<\/tr>\n<tr>\n<th>16:30-17:30<\/th>\n<td colspan=\"2\"><strong>Plenum:<\/strong><br \/>Berichte aus den Workshops<br \/>Ausblick auf den Fahrplan zur Kampagne #fahrscheinfrei,<br \/>Vorstellung des Wettbewerbs &#8222;NRW-Modellkommune #fahrscheinfrei&#8220;\n<\/td>\n<\/tr>\n<tr>\n<th>ab 17:30<\/th>\n<td colspan=\"2\"><strong>Ausklang und Get-Together im Unperfekthaus<\/strong><\/td>\n<\/tr>\n<\/table>\n","protected":false},"excerpt":{"rendered":"<p>10:30-11:00 Registrierung 11:00-11:10 Begr\u00fc\u00dfung, Vorstellung, TagesablaufModeration: Ann-Cathrin Klappert 11:00-11:40 Keynote: &#8222;Warum m\u00fcssen wir in der Nahverkehrsfinanzierung umdenken?&#8220;Thomas Mager, K\u00f6lnStadt- und Verkehrsplaner, Gr\u00fcnder der tjm-consulting mobilit\u00e4tsmanagement 11:40-11:50 Impulsvortrag: &#8222;Bus und Bahn #fahrscheinfrei \u2013 die politische Chance.&#8220;Oliver Bayer MdL, D\u00fcsseldorfPiratenfraktion im Landtag NRW, Vorsitzender der Enquetekommission zur Finanzierung, Innovation und Nutzung des \u00d6ffentlichen Personenverkehrs (FIN\u00d6PV) 11:50-12:20 Fachvortrag:<\/p>\n<div class=\"moretag-wrap\"><a class=\"moretag btn btn-info\" href=\"https:\/\/www.fahrscheinfrei.de\/?page_id=139\">Weiterlesen<\/a><\/div>\n","protected":false},"author":1,"featured_media":0,"parent":0,"menu_order":0,"comment_status":"open","ping_status":"open","template":"","meta":{"footnotes":""},"class_list":["post-139","page","type-page","status-publish","hentry"],"_links":{"self":[{"href":"https:\/\/www.fahrscheinfrei.de\/index.php?rest_route=\/wp\/v2\/pages\/139","targetHints":{"allow":["GET"]}}],"collection":[{"href":"https:\/\/www.fahrscheinfrei.de\/index.php?rest_route=\/wp\/v2\/pages"}],"about":[{"href":"https:\/\/www.fahrscheinfrei.de\/index.php?rest_route=\/wp\/v2\/types\/page"}],"author":[{"embeddable":true,"href":"https:\/\/www.fahrscheinfrei.de\/index.php?rest_route=\/wp\/v2\/users\/1"}],"replies":[{"embeddable":true,"href":"https:\/\/www.fahrscheinfrei.de\/index.php?rest_route=%2Fwp%2Fv2%2Fcomments&post=139"}],"version-history":[{"count":38,"href":"https:\/\/www.fahrscheinfrei.de\/index.php?rest_route=\/wp\/v2\/pages\/139\/revisions"}],"predecessor-version":[{"id":371,"href":"https:\/\/www.fahrscheinfrei.de\/index.php?rest_route=\/wp\/v2\/pages\/139\/revisions\/371"}],"wp:attachment":[{"href":"https:\/\/www.fahrscheinfrei.de\/index.php?rest_route=%2Fwp%2Fv2%2Fmedia&parent=139"}],"curies":[{"name":"wp","href":"https:\/\/api.w.org\/{rel}","templated":true}]}}