{"id":576,"date":"2017-02-26T02:30:00","date_gmt":"2017-02-26T00:30:00","guid":{"rendered":"http:\/\/www.fahrscheinfrei.de\/?page_id=576"},"modified":"2017-02-26T02:43:32","modified_gmt":"2017-02-26T00:43:32","slug":"phase-3","status":"publish","type":"page","link":"http:\/\/www.fahrscheinfrei.de\/?page_id=576","title":{"rendered":"Phase 3"},"content":{"rendered":"<p>Die Machbarkeitsstudie \u201eBus und Bahn fahrscheinfrei in NRW&#8220; f\u00fcr die Piratenfraktion im Landtag NRW wird von tjm-consulting mobilit\u00e4tsmanagement (K\u00f6ln) erstellt.<\/p>\n<p>Am 30. Januar 2017 pr\u00e4sentierten die Piraten (Piko NRW e.V. und Piratenfraktion NRW) in einer Stra\u00dfenbahn der Rheinbahn in D\u00fcsseldorf das Ergebnis der Studie &#8222;Bus und Bahn #fahrscheinfrei NRW&#8220; mit den Beispielst\u00e4dten Wuppertal, Bad Salzuflen und dem Kreis Recklinghausen.<br \/>\nBereits eine Woche vorher wurde das Ergebnis der von den Piraten initiierten Enquete-Kommission &#8222;Finanzierung, Innovation und Nutzung des \u00d6ffentlichen Personenverkehrs&#8220; des Landtags NRW pr\u00e4sentiert.<\/p>\n<table>\n<tbody>\n<tr>\n<td width=\"25%\" align=\"center\" valign=\"top\"><a href=\"http:\/\/www.fahrscheinfrei.de\/wp-content\/uploads\/2017\/01\/Machbarkeitsstudie-fahrscheinfrei-in-NRW.pdf\"><img loading=\"lazy\" decoding=\"async\" width=\"212\" height=\"300\" class=\"alignnone size-medium wp-image-555\" src=\"http:\/\/www.fahrscheinfrei.de\/wp-content\/uploads\/2017\/01\/Machbarkeitsstudie-fahrscheinfrei-in-NRW-212x300.png\" srcset=\"http:\/\/www.fahrscheinfrei.de\/wp-content\/uploads\/2017\/01\/Machbarkeitsstudie-fahrscheinfrei-in-NRW-212x300.png 212w, http:\/\/www.fahrscheinfrei.de\/wp-content\/uploads\/2017\/01\/Machbarkeitsstudie-fahrscheinfrei-in-NRW.png 595w\" sizes=\"auto, (max-width: 212px) 100vw, 212px\" \/><br \/>\nMachbarkeitsstudie Fahrscheinfrei in NRW<\/a><\/td>\n<td width=\"25%\" align=\"center\" valign=\"top\"><a href=\"http:\/\/www.fahrscheinfrei.de\/wp-content\/uploads\/2017\/01\/Kurzfassung-der-Machbarkeitsstudie-fahrscheinfrei.pdf\"><img loading=\"lazy\" decoding=\"async\" width=\"212\" height=\"300\" class=\"alignnone size-medium wp-image-553\" src=\"http:\/\/www.fahrscheinfrei.de\/wp-content\/uploads\/2017\/01\/Kurzfassung-der-Machbarkeitsstudie-fahrscheinfrei-212x300.png\" alt=\"\" srcset=\"http:\/\/www.fahrscheinfrei.de\/wp-content\/uploads\/2017\/01\/Kurzfassung-der-Machbarkeitsstudie-fahrscheinfrei-212x300.png 212w, http:\/\/www.fahrscheinfrei.de\/wp-content\/uploads\/2017\/01\/Kurzfassung-der-Machbarkeitsstudie-fahrscheinfrei.png 595w\" sizes=\"auto, (max-width: 212px) 100vw, 212px\" \/><br \/>\nKurzfassung der Studie Fahrscheinfrei<\/a><\/td>\n<td width=\"25%\" align=\"center\" valign=\"top\"><a href=\"http:\/\/www.fahrscheinfrei.de\/wp-content\/uploads\/2017\/01\/studie-fahrscheinfrei-4-punkte-fazit.pdf\"><img loading=\"lazy\" decoding=\"async\" width=\"212\" height=\"300\" class=\"alignnone size-medium wp-image-557\" src=\"http:\/\/www.fahrscheinfrei.de\/wp-content\/uploads\/2017\/01\/studie-fahrscheinfrei-4-punkte-fazit-212x300.png\" alt=\"\" srcset=\"http:\/\/www.fahrscheinfrei.de\/wp-content\/uploads\/2017\/01\/studie-fahrscheinfrei-4-punkte-fazit-212x300.png 212w, http:\/\/www.fahrscheinfrei.de\/wp-content\/uploads\/2017\/01\/studie-fahrscheinfrei-4-punkte-fazit.png 595w\" sizes=\"auto, (max-width: 212px) 100vw, 212px\" \/><br \/>\nDas 4-Punkte-Fazit der Piratenfraktion<\/a><\/td>\n<td width=\"25%\" align=\"center\" valign=\"top\"><a href=\"http:\/\/www.fahrscheinfrei.de\/wp-content\/uploads\/2017\/01\/Faktencheck.pdf\"><img loading=\"lazy\" decoding=\"async\" width=\"212\" height=\"300\" class=\"alignnone size-medium wp-image-559\" src=\"http:\/\/www.fahrscheinfrei.de\/wp-content\/uploads\/2017\/01\/Faktencheck-212x300.png\" alt=\"\" srcset=\"http:\/\/www.fahrscheinfrei.de\/wp-content\/uploads\/2017\/01\/Faktencheck-212x300.png 212w, http:\/\/www.fahrscheinfrei.de\/wp-content\/uploads\/2017\/01\/Faktencheck.png 595w\" sizes=\"auto, (max-width: 212px) 100vw, 212px\" \/><br \/>\nDer Faktencheck<\/a><\/td>\n<\/tr>\n<\/tbody>\n<\/table>\n<p><strong>Mehr dazu von der Piratenfraktion im Landtag NRW:<\/strong><\/p>\n<ul>\n<li><a href=\"https:\/\/www.piratenfraktion-nrw.de\/2017\/01\/machbarkeitsstudie-zum-nahverkehr-fahrscheinfrei-ist-eine-utopie-aber-nicht-utopisch\/\">Bildergalerie: Machbarkeitsstudie: \u201eFahrscheinfrei ist eine Utopie, aber nicht utopisch\u201c<\/a><\/li>\n<li><a href=\"https:\/\/www.piratenfraktion-nrw.de\/2017\/01\/nrw-ist-bereit-fuer-bus-und-bahn-fahrscheinfrei-studie-ermittelt-notwendige-umsetzungsschritte\/\">Pressemitteilung: NRW ist bereit f\u00fcr Bus und Bahn #fahrscheinfrei \u2013 Studie ermittelt notwendige Umsetzungsschritte<\/a><\/li>\n<li><a href=\"https:\/\/www.youtube.com\/playlist?list=PLQ5csUOL2W3_kXGbR9pyo2sMz2KHHD06x\">YouTube-Playlist: 24 Vorurteile \u00fcber Bus und Bahn Fahrscheinfrei im Faktencheck \u2013 Videos von jeweils 30-40 Sekunden L\u00e4nge<\/a><\/li>\n<\/ul>\n<p><strong>Zur Enquete-Kommission &#8222;Finanzierung, Innovation und Nutzung des \u00d6ffentlichen Personenverkehrs&#8220; des Landtags NRW<\/strong><\/p>\n<ul>\n<li><a href=\"https:\/\/www.landtag.nrw.de\/portal\/WWW\/dokumentenarchiv\/Dokument\/MMD16-13950.pdf\">Abschlussbericht der Enquetekommission<\/a><\/li>\n<li><a href=\"https:\/\/www.landtag.nrw.de\/portal\/WWW\/Navigation_R2010\/030-Parlament-und-Wahlen\/015-Ausschuesse-und-Gremien\/015-Enquete-Kommissionen\/50-Oeffentlicher_Personenverkehr\/Inhalt.jsp\">Webseiten der Kommission<\/a><\/li>\n<li><a href=\"https:\/\/www.landtag.nrw.de\/portal\/WWW\/GB_I\/I.1\/EK\/16.WP\/EK_IV\/Aktuelles.jsp\">Vortragsfolien, Gutachten, Inhalte<\/a><\/li>\n<li><a href=\"https:\/\/www.piratenfraktion-nrw.de\/wp-content\/uploads\/2017\/01\/Pressemappe-Piraten_EK-FIN%C3%96PV-1.pdf\">Presseinformation der Piratenfraktion zum Abschlussbericht<\/a><\/li>\n<li><a href=\"https:\/\/www.landtag.nrw.de\/portal\/WWW\/dokumentenarchiv\/Dokument\/MMD16-5959.pdf\">Einsetzungs-Antrag der Fraktion der PIRATEN (Sommer 2014)<\/a><\/li>\n<\/ul>\n","protected":false},"excerpt":{"rendered":"<p>Die Machbarkeitsstudie \u201eBus und Bahn fahrscheinfrei in NRW&#8220; f\u00fcr die Piratenfraktion im Landtag NRW wird von tjm-consulting mobilit\u00e4tsmanagement (K\u00f6ln) erstellt. Am 30. Januar 2017 pr\u00e4sentierten die Piraten (Piko NRW e.V. und Piratenfraktion NRW) in einer Stra\u00dfenbahn der Rheinbahn in D\u00fcsseldorf das Ergebnis der Studie &#8222;Bus und Bahn #fahrscheinfrei NRW&#8220; mit den Beispielst\u00e4dten Wuppertal, Bad Salzuflen<\/p>\n<div class=\"moretag-wrap\"><a class=\"moretag btn btn-info\" href=\"http:\/\/www.fahrscheinfrei.de\/?page_id=576\">Weiterlesen<\/a><\/div>\n","protected":false},"author":3,"featured_media":0,"parent":0,"menu_order":0,"comment_status":"closed","ping_status":"closed","template":"","meta":{"footnotes":""},"class_list":["post-576","page","type-page","status-publish","hentry"],"_links":{"self":[{"href":"http:\/\/www.fahrscheinfrei.de\/index.php?rest_route=\/wp\/v2\/pages\/576","targetHints":{"allow":["GET"]}}],"collection":[{"href":"http:\/\/www.fahrscheinfrei.de\/index.php?rest_route=\/wp\/v2\/pages"}],"about":[{"href":"http:\/\/www.fahrscheinfrei.de\/index.php?rest_route=\/wp\/v2\/types\/page"}],"author":[{"embeddable":true,"href":"http:\/\/www.fahrscheinfrei.de\/index.php?rest_route=\/wp\/v2\/users\/3"}],"replies":[{"embeddable":true,"href":"http:\/\/www.fahrscheinfrei.de\/index.php?rest_route=%2Fwp%2Fv2%2Fcomments&post=576"}],"version-history":[{"count":2,"href":"http:\/\/www.fahrscheinfrei.de\/index.php?rest_route=\/wp\/v2\/pages\/576\/revisions"}],"predecessor-version":[{"id":585,"href":"http:\/\/www.fahrscheinfrei.de\/index.php?rest_route=\/wp\/v2\/pages\/576\/revisions\/585"}],"wp:attachment":[{"href":"http:\/\/www.fahrscheinfrei.de\/index.php?rest_route=%2Fwp%2Fv2%2Fmedia&parent=576"}],"curies":[{"name":"wp","href":"https:\/\/api.w.org\/{rel}","templated":true}]}}