{"id":529,"date":"2016-12-06T23:58:54","date_gmt":"2016-12-06T21:58:54","guid":{"rendered":"http:\/\/www.fahrscheinfrei.de\/?page_id=529"},"modified":"2016-12-06T23:58:54","modified_gmt":"2016-12-06T21:58:54","slug":"fahrscheinfreitag-koeln","status":"publish","type":"page","link":"http:\/\/www.fahrscheinfrei.de\/?page_id=529","title":{"rendered":"Fahrscheinfreitag K\u00f6ln"},"content":{"rendered":"<p>Als Workshop der Piko: http:\/\/www.piko-nrw.de\/termin\/fahrscheinfrei-workshop\/<\/p>\n<p>Am Samstag, den 26.11.2016 von 11:00 Uhr bis 17:00 Uhr veranstaltet der PiKo NRW e. V. einen Workshop zum Thema \u201eBus und Bahn fahrscheinfrei in NRW\u201c. Interessierte B\u00fcrger und B\u00fcrgerinnen sind herzlich eingeladen, in das B\u00fcrgerzentrum Ehrenfeld e. V. in K\u00f6ln zu kommen, um an diesem Workshop teilzunehmen.<br \/>\nDie Gutachter der Machbarkeitsstudie \u201eBus und Bahn fahrscheinfrei in NRW\u201c, Herr Mager und Herr Weis, von der Verkehrsunternehmensberatung tjm-consulting mobilit\u00e4tsmanagement, werden die Zwischenergebnisse der Studie zu den Modellkommunen \u201eLandkreis Recklinghausen\u201c, \u201eWuppertal\u201c und \u201eBad Salzuflen\u201c pr\u00e4sentieren. Es stellen sich hierbei insbesondere folgende Fragen: Wie kann Bus und Bahn #fahrscheinfrei vor Ort in NRW umgesetzt werden? Wie sehen die einzelnen Schritte aus?<br \/>\nGregor Waluga, wissenschaftlicher Referent f\u00fcr die Enquete-Kommission FIN\u00d6PV, der f\u00fcr das Wuppertal Institut eine Doktorarbeit zum B\u00fcrgerticket geschrieben hat, wird beispielhafte Experimente rund um das Thema #fahrscheinfrei in ganz Europa aufzeigen.<\/p>\n<p>Des Weiteren wird es einen Slot mit zwei Arbeitsgruppen und anschlie\u00dfender Diskussionsrunde geben.<\/p>\n<p>Aufgrund begrenzter Ressourcen ist die Teilnahme nur nach vorheriger Anmeldung per E-Mail an info@piko-nrw.de <\/p>\n<p>und Teilnahmebest\u00e4tigung durch den PiKo NRW e. V. m\u00f6glich.<\/p>\n","protected":false},"excerpt":{"rendered":"<p>Als Workshop der Piko: http:\/\/www.piko-nrw.de\/termin\/fahrscheinfrei-workshop\/ Am Samstag, den 26.11.2016 von 11:00 Uhr bis 17:00 Uhr veranstaltet der PiKo NRW e. V. einen Workshop zum Thema \u201eBus und Bahn fahrscheinfrei in NRW\u201c. Interessierte B\u00fcrger und B\u00fcrgerinnen sind herzlich eingeladen, in das B\u00fcrgerzentrum Ehrenfeld e. V. in K\u00f6ln zu kommen, um an diesem Workshop teilzunehmen. Die Gutachter<\/p>\n<div class=\"moretag-wrap\"><a class=\"moretag btn btn-info\" href=\"http:\/\/www.fahrscheinfrei.de\/?page_id=529\">Weiterlesen<\/a><\/div>\n","protected":false},"author":3,"featured_media":0,"parent":2,"menu_order":0,"comment_status":"closed","ping_status":"closed","template":"","meta":{"footnotes":""},"class_list":["post-529","page","type-page","status-publish","hentry"],"_links":{"self":[{"href":"http:\/\/www.fahrscheinfrei.de\/index.php?rest_route=\/wp\/v2\/pages\/529","targetHints":{"allow":["GET"]}}],"collection":[{"href":"http:\/\/www.fahrscheinfrei.de\/index.php?rest_route=\/wp\/v2\/pages"}],"about":[{"href":"http:\/\/www.fahrscheinfrei.de\/index.php?rest_route=\/wp\/v2\/types\/page"}],"author":[{"embeddable":true,"href":"http:\/\/www.fahrscheinfrei.de\/index.php?rest_route=\/wp\/v2\/users\/3"}],"replies":[{"embeddable":true,"href":"http:\/\/www.fahrscheinfrei.de\/index.php?rest_route=%2Fwp%2Fv2%2Fcomments&post=529"}],"version-history":[{"count":1,"href":"http:\/\/www.fahrscheinfrei.de\/index.php?rest_route=\/wp\/v2\/pages\/529\/revisions"}],"predecessor-version":[{"id":530,"href":"http:\/\/www.fahrscheinfrei.de\/index.php?rest_route=\/wp\/v2\/pages\/529\/revisions\/530"}],"up":[{"embeddable":true,"href":"http:\/\/www.fahrscheinfrei.de\/index.php?rest_route=\/wp\/v2\/pages\/2"}],"wp:attachment":[{"href":"http:\/\/www.fahrscheinfrei.de\/index.php?rest_route=%2Fwp%2Fv2%2Fmedia&parent=529"}],"curies":[{"name":"wp","href":"https:\/\/api.w.org\/{rel}","templated":true}]}}