{"id":457,"date":"2016-05-17T06:45:25","date_gmt":"2016-05-17T04:45:25","guid":{"rendered":"http:\/\/www.verkehrswendekonferenz.de\/?page_id=457"},"modified":"2016-06-08T16:44:17","modified_gmt":"2016-06-08T14:44:17","slug":"buergerticket-initiative-wuppertal","status":"publish","type":"page","link":"http:\/\/www.fahrscheinfrei.de\/?page_id=457","title":{"rendered":"B\u00fcrgerticket Initiative Wuppertal"},"content":{"rendered":"<p><a href=\"http:\/\/www.verkehrswendekonferenz.de\/wp-content\/uploads\/2016\/05\/wuppertal.jpg\"><img loading=\"lazy\" decoding=\"async\" class=\"alignnone wp-image-425 size-full\" src=\"http:\/\/www.verkehrswendekonferenz.de\/wp-content\/uploads\/2016\/05\/wuppertal.jpg\" alt=\"wuppertal\" width=\"1920\" height=\"1313\" srcset=\"http:\/\/www.fahrscheinfrei.de\/wp-content\/uploads\/2016\/05\/wuppertal.jpg 1920w, http:\/\/www.fahrscheinfrei.de\/wp-content\/uploads\/2016\/05\/wuppertal-300x205.jpg 300w, http:\/\/www.fahrscheinfrei.de\/wp-content\/uploads\/2016\/05\/wuppertal-768x525.jpg 768w, http:\/\/www.fahrscheinfrei.de\/wp-content\/uploads\/2016\/05\/wuppertal-1024x700.jpg 1024w\" sizes=\"auto, (max-width: 1920px) 100vw, 1920px\" \/><\/a><\/p>\n<p id=\"bZitat\">Frage an Dr. Uwe Schneidewind, Leiter des Wuppertal Institutes<\/p>\n<blockquote><p>Was kann es also bedeuten, mehr Wuppertal zu wagen?<\/p><\/blockquote>\n<p id=\"bZitat\">Schneidewind:<\/p>\n<blockquote><p>Es kann daf\u00fcr stehen, die Dinge neu zu denken, sich die Stadt zu erobern, selbst zu gestalten, kreative L\u00f6sungen zu suchen, sich immer wieder neu zu erfinden und zugleich auf Traditionen zu besinnen. Dann kann Neues entstehen. Und so ist Wuppertal.<\/p><\/blockquote>\n<h2 id=\"bInitiative\">B\u00fcrgerticket Initiative Wuppertal<\/h2>\n<div id=\"bBewerbungstext\">\n<p>Die Stadt Wuppertal ist als siebtgr\u00f6\u00dfte Stadt in NRW mit einem gut ausgebauten \u00d6PNV, der neben der leistungsf\u00e4higen Ost-West-Achse mit Schwebebahn und S-Bahn in der Fl\u00e4che \u00fcber ein relativ gut skalierbares Bussystem verf\u00fcgt, eine ideale Modellkommune. An ihr kann die Umsetzbarkeit eines B\u00fcrgertickets in Gro\u00dfst\u00e4dten demonstriert werden, was als beispielhaft f\u00fcr St\u00e4dte unterhalb der Millionengrenze gelten kann. Wir starten nicht bei Null, denn das Thema ist schon mehrmals in die \u00d6ffentlichkeit getragen worden und wird von der lokalen Wissenschaft unterst\u00fctzt, sodass auf wissenschaftliche Vorarbeiten aufgebaut werden kann. Wir wollen den momentanen Aufbruchsgeist der Stadt nutzen und \u201emehr Wuppertal wagen\u201c.<\/p>\n<\/div>\n<h2>Bus und Bahn in Wuppertal<\/h2>\n<div id=\"bNahverkehr\">\n<p>Die Schwebebahn macht Wuppertal in aller Welt ber\u00fchmt und ist in den letzten 20 Jahren umfassend erneuert worden. Auf der Talachse verkehren die Eisenbahnlinien S7, 8 und 9, die RE 4, 7 und 13 und die RB48 und verbinden Wuppertal mit dem Ruhrgebiet, M\u00fcnster, K\u00f6ln, D\u00fcsseldorf und dem Niederrhein. Der Nord-S\u00fcd-Verkehr in der Stadt wird von Bussen im 20\u2018-Takt geleistet. Die WSW mobil GmbH transportierte 2014 87,6 Millionen Fahrg\u00e4ste in 291 Bussen und 26 Schwebebahnen und verkaufte 85.660 Abonnements. Innerhalb Wuppertals gilt die Preisstufe A3 des VRR.<\/p>\n<ul>\n<li><a href=\"http:\/\/www.b\u00fcrgerticket-wuppertal.de\">www.b\u00fcrgerticket-wuppertal.de<\/a><\/li>\n<\/ul>\n<\/div>\n","protected":false},"excerpt":{"rendered":"<p>Frage an Dr. Uwe Schneidewind, Leiter des Wuppertal Institutes Was kann es also bedeuten, mehr Wuppertal zu wagen? Schneidewind: Es kann daf\u00fcr stehen, die Dinge neu zu denken, sich die Stadt zu erobern, selbst zu gestalten, kreative L\u00f6sungen zu suchen, sich immer wieder neu zu erfinden und zugleich auf Traditionen zu besinnen. Dann kann Neues<\/p>\n<div class=\"moretag-wrap\"><a class=\"moretag btn btn-info\" href=\"http:\/\/www.fahrscheinfrei.de\/?page_id=457\">Weiterlesen<\/a><\/div>\n","protected":false},"author":3,"featured_media":0,"parent":0,"menu_order":0,"comment_status":"closed","ping_status":"closed","template":"","meta":{"footnotes":""},"class_list":["post-457","page","type-page","status-publish","hentry"],"_links":{"self":[{"href":"http:\/\/www.fahrscheinfrei.de\/index.php?rest_route=\/wp\/v2\/pages\/457","targetHints":{"allow":["GET"]}}],"collection":[{"href":"http:\/\/www.fahrscheinfrei.de\/index.php?rest_route=\/wp\/v2\/pages"}],"about":[{"href":"http:\/\/www.fahrscheinfrei.de\/index.php?rest_route=\/wp\/v2\/types\/page"}],"author":[{"embeddable":true,"href":"http:\/\/www.fahrscheinfrei.de\/index.php?rest_route=\/wp\/v2\/users\/3"}],"replies":[{"embeddable":true,"href":"http:\/\/www.fahrscheinfrei.de\/index.php?rest_route=%2Fwp%2Fv2%2Fcomments&post=457"}],"version-history":[{"count":2,"href":"http:\/\/www.fahrscheinfrei.de\/index.php?rest_route=\/wp\/v2\/pages\/457\/revisions"}],"predecessor-version":[{"id":481,"href":"http:\/\/www.fahrscheinfrei.de\/index.php?rest_route=\/wp\/v2\/pages\/457\/revisions\/481"}],"wp:attachment":[{"href":"http:\/\/www.fahrscheinfrei.de\/index.php?rest_route=%2Fwp%2Fv2%2Fmedia&parent=457"}],"curies":[{"name":"wp","href":"https:\/\/api.w.org\/{rel}","templated":true}]}}