{"id":445,"date":"2016-05-17T06:29:24","date_gmt":"2016-05-17T04:29:24","guid":{"rendered":"http:\/\/www.verkehrswendekonferenz.de\/?page_id=445"},"modified":"2016-05-17T06:36:10","modified_gmt":"2016-05-17T04:36:10","slug":"kreis-recklinghausen-vest-fahrscheinfrei","status":"publish","type":"page","link":"http:\/\/www.fahrscheinfrei.de\/?page_id=445","title":{"rendered":"Kreis Recklinghausen: Vest Fahrscheinfrei"},"content":{"rendered":"<p><a href=\"http:\/\/www.verkehrswendekonferenz.de\/wp-content\/uploads\/2016\/05\/recklinghausen.jpg\"><img loading=\"lazy\" decoding=\"async\" class=\"alignnone wp-image-422 size-full\" src=\"http:\/\/www.verkehrswendekonferenz.de\/wp-content\/uploads\/2016\/05\/recklinghausen.jpg\" alt=\"recklinghausen\" width=\"599\" height=\"399\" srcset=\"http:\/\/www.fahrscheinfrei.de\/wp-content\/uploads\/2016\/05\/recklinghausen.jpg 599w, http:\/\/www.fahrscheinfrei.de\/wp-content\/uploads\/2016\/05\/recklinghausen-300x200.jpg 300w\" sizes=\"auto, (max-width: 599px) 100vw, 599px\" \/><\/a><\/p>\n<blockquote><p>W\u00e4re ich mal mit dem Bus gekommen\u2026<\/p><\/blockquote>\n<p id=\"bZitat\">Oliver Bayer, Vorsitzender \u00d6PNV Enquete-Kommission im Landtag NRW, am <a href=\"https:\/\/youtu.be\/sk_-pFr-Vmw\">1. Mai 2016<\/a> anl\u00e4sslich des Besuchs der Er\u00f6ffnung der Ruhrfestspiele in Recklinghausen.<\/p>\n<h2 id=\"bInitiative\">Vest Fahrscheinfrei<\/h2>\n<div id=\"bBewerbungstext\">&#8222;Vest Fahrscheinfrei&#8220; ist der Arbeitstitel der Initiative.<br \/>\nDer Kreis Recklinghausen ist mit rund 614.000 Einwohnern der bev\u00f6lkerungsreichste Landkreis des Landes NRW und von ganz Deutschland. Er reicht vom Norden des Ruhrgebiets bis ins s\u00fcdliche M\u00fcnsterland. Alle zehn Gemeinden haben 25.000 Einwohner oder mehr. Der Kreis ist Mitglied des VRR.<br \/>\nWir haben sofort beschlossen, uns bei #fahrscheinfrei als Modellkommune zu bewerben. Unser Landkreis ist mit seinen l\u00e4ndlichen Regionen und st\u00e4dtischen Ballungsr\u00e4umen besonders repr\u00e4sentativ. In der Verkehrspolitik sind wir dauerhaft aktiv und pr\u00e4sent: das zeigt sowohl unser Einsatz f\u00fcr E-Scooter in Bussen als auch unser Engagement f\u00fcr den Erhalt des Semestertickets. Unsere verkehrspolitische Arbeit wurde \u00fcberdurchschnittlich gut in der Presse aufgenommen.<\/p>\n<\/div>\n<h2>Bus und Bahn im Kreis Recklinghausen<\/h2>\n<div id=\"bNahverkehr\">\n<p>Die \u201eVestische Stra\u00dfenbahnen GmbH\u201c bedient \u00fcber unser Kreisgebiet hinaus eine Fl\u00e4che von etwa 976 km\u00b2 mit fast 880.000 Einwohnern. Von Haltern am See bis Herne und von Oberhausen bis Dortmund sind die Busse der Vestischen im Einsatz. Ihre Flotte umfasst \u00fcber 200 Standard- und Gelenklinienbusse, die auf 115 Linien mit einer Gesamtl\u00e4nge von 1.398 km jedes Jahr fast 19 Millionen Betriebskilometer zur\u00fccklegen. Neben StadtLinien und SchnellBussen setzt die Vestische auch sogenannte TaxiBusse ein und bietet CarSharing an. In den vergangenen Jahren lag das Bef\u00f6rderungsvolumen kontinuierlich bei rund 60 Millionen Fahrg\u00e4sten.<\/p>\n<\/div>\n","protected":false},"excerpt":{"rendered":"<p>W\u00e4re ich mal mit dem Bus gekommen\u2026 Oliver Bayer, Vorsitzender \u00d6PNV Enquete-Kommission im Landtag NRW, am 1. Mai 2016 anl\u00e4sslich des Besuchs der Er\u00f6ffnung der Ruhrfestspiele in Recklinghausen. Vest Fahrscheinfrei &#8222;Vest Fahrscheinfrei&#8220; ist der Arbeitstitel der Initiative. Der Kreis Recklinghausen ist mit rund 614.000 Einwohnern der bev\u00f6lkerungsreichste Landkreis des Landes NRW und von ganz Deutschland.<\/p>\n<div class=\"moretag-wrap\"><a class=\"moretag btn btn-info\" href=\"http:\/\/www.fahrscheinfrei.de\/?page_id=445\">Weiterlesen<\/a><\/div>\n","protected":false},"author":3,"featured_media":0,"parent":0,"menu_order":0,"comment_status":"closed","ping_status":"closed","template":"","meta":{"footnotes":""},"class_list":["post-445","page","type-page","status-publish","hentry"],"_links":{"self":[{"href":"http:\/\/www.fahrscheinfrei.de\/index.php?rest_route=\/wp\/v2\/pages\/445","targetHints":{"allow":["GET"]}}],"collection":[{"href":"http:\/\/www.fahrscheinfrei.de\/index.php?rest_route=\/wp\/v2\/pages"}],"about":[{"href":"http:\/\/www.fahrscheinfrei.de\/index.php?rest_route=\/wp\/v2\/types\/page"}],"author":[{"embeddable":true,"href":"http:\/\/www.fahrscheinfrei.de\/index.php?rest_route=\/wp\/v2\/users\/3"}],"replies":[{"embeddable":true,"href":"http:\/\/www.fahrscheinfrei.de\/index.php?rest_route=%2Fwp%2Fv2%2Fcomments&post=445"}],"version-history":[{"count":3,"href":"http:\/\/www.fahrscheinfrei.de\/index.php?rest_route=\/wp\/v2\/pages\/445\/revisions"}],"predecessor-version":[{"id":451,"href":"http:\/\/www.fahrscheinfrei.de\/index.php?rest_route=\/wp\/v2\/pages\/445\/revisions\/451"}],"wp:attachment":[{"href":"http:\/\/www.fahrscheinfrei.de\/index.php?rest_route=%2Fwp%2Fv2%2Fmedia&parent=445"}],"curies":[{"name":"wp","href":"https:\/\/api.w.org\/{rel}","templated":true}]}}