{"id":426,"date":"2016-05-17T05:43:14","date_gmt":"2016-05-17T03:43:14","guid":{"rendered":"http:\/\/www.verkehrswendekonferenz.de\/?page_id=426"},"modified":"2016-05-17T07:30:25","modified_gmt":"2016-05-17T05:30:25","slug":"bad-salzuflen","status":"publish","type":"page","link":"http:\/\/www.fahrscheinfrei.de\/?page_id=426","title":{"rendered":"Bad Salzuflen"},"content":{"rendered":"<p><a href=\"http:\/\/www.verkehrswendekonferenz.de\/wp-content\/uploads\/2016\/05\/bad-salzuflen.jpg\"><img loading=\"lazy\" decoding=\"async\" class=\"aligncenter wp-image-417 size-full\" src=\"http:\/\/www.verkehrswendekonferenz.de\/wp-content\/uploads\/2016\/05\/bad-salzuflen.jpg\" alt=\"bad-salzuflen\" width=\"1920\" height=\"1461\" srcset=\"http:\/\/www.fahrscheinfrei.de\/wp-content\/uploads\/2016\/05\/bad-salzuflen.jpg 1920w, http:\/\/www.fahrscheinfrei.de\/wp-content\/uploads\/2016\/05\/bad-salzuflen-300x228.jpg 300w, http:\/\/www.fahrscheinfrei.de\/wp-content\/uploads\/2016\/05\/bad-salzuflen-768x584.jpg 768w, http:\/\/www.fahrscheinfrei.de\/wp-content\/uploads\/2016\/05\/bad-salzuflen-1024x779.jpg 1024w\" sizes=\"auto, (max-width: 1920px) 100vw, 1920px\" \/><\/a><\/p>\n<blockquote><p>Bad Salzuflen fahrscheinlos \u2013mobil &#8211; sozial \u2013 zukunftsf\u00e4hig<\/p><\/blockquote>\n<h2 id=\"bInitiative\">Fraktion DIE PIRATEN Bad Salzuflen<\/h2>\n<div id=\"bBewerbungstext\">\n<p>Unsere Kommune ist mit mehr als 50000 Einwohnern ein ideales Beispiel einerseits f\u00fcr Tausende \u00e4hnlich gro\u00dfer Kommunen, andererseits ein Mikrokosmos von dem, was sich in Gro\u00dfst\u00e4dten abspielt \u2013 nur \u00fcbersichtlicher.Die Steuerung liegt zentral in den H\u00e4nden der damit beauftragten Stadtwerke, deren Aufsichtsrat politisch besetzt ist, u.a. mit einem unserer Ratsmitglieder. Der Stadtbus ist kommunal, geh\u00f6rt also der Stadt in Fragen der Infrastruktur, Bauwerke, Haltepunkte etc., die Fahrleistung ist ausgeschrieben und vergeben, richtet sich aber nach den jeweiligen Ausschreibungskriterien der Stadt. Mit anderen Worten: Steuerung ist nach einem Ergebnis m\u00f6glich.<\/p>\n<p>Zudem ist der Linienumfang \u00fcbersichtlich, hinzukommen jedoch als \u201eSchmankerl\u201c noch<\/p>\n<ul>\n<li>eine Fernbusstation nach Berlin,<\/li>\n<li>der Versuch, einiges in einer \u201eRegiopolregion\u201c mit Nachbargemeinden einzubinden,<\/li>\n<li>W\u00fcnsche, einen Nachtbus\/Discobus zu etablieren und<\/li>\n<li>eine bessere Nahversorgung f\u00fcr die Ortsteile bei gleichzeitigem sparsamen Mitteleinsatz hin zu bekommen.<\/li>\n<\/ul>\n<p>Defizite sind dort, wo die Bev\u00f6lkerung bisher zu wenig beteiligt wurde an Routen, Zeiten und Haltestelle, weswegen wir einen \u201eLernenden \u00d6PNV\u201c fordern. Abgewiesen wurde hier bisher auch ein Sozialticket, obwohl es andere nahegelegene St\u00e4dte umgesetzt haben. Auch dieses Problem w\u00fcrden wir gern im Gesamtprojekt einer L\u00f6sung zuf\u00fchren.<\/p>\n<\/div>\n<h2>Bus und Bahn in Bad Salzuflen<\/h2>\n<div id=\"bNahverkehr\">\n<p>Im Jahr 1994 war Bad Salzuflen neben den St\u00e4dten Detmold und Lemgo einer der Vorreiter was moderne Stadtbus-Systeme in NRW betrifft. Rund 20 Jahre sp\u00e4ter treffen sich die 4 Stadtbuslinien immer noch an der zentralen Rendezvous-Haltestelle, inzwischen mit kostenlosen W-LAN Zugang und eigener <a href=\"http:\/\/www.stadtwerke-bad-salzuflen.de\/produkte\/stadtbus\/stadtbus\/\">Fahrplan-App<\/a>.<\/p>\n<p>Bei einer Gemeindefl\u00e4che von rund 100 Quadratkilometern dauert es durchschnittlich 3min Fu\u00dfweg um zu einer der 104 Haltestellen f\u00fcr den Stadtbus zu gelangen. Weitere 20 Haltestellen werden von stadt\u00fcbergreifenden Regionallinien angefahren und 24 Haltestellen werden von der AnrufLinienFahrten (ALF) bedient.<\/p>\n<ul>\n<li><a href=\"http:\/\/www.stwbs.de\/produkte\/stadtbus\/fahrpreise\/\">Tarif<\/a><\/li>\n<li><a href=\"http:\/\/www.stwbs.de\/produkte\/stadtbus\/fahrplaene\/\">Fahrplan<\/a><\/li>\n<\/ul>\n<\/div>\n","protected":false},"excerpt":{"rendered":"<p>Bad Salzuflen fahrscheinlos \u2013mobil &#8211; sozial \u2013 zukunftsf\u00e4hig Fraktion DIE PIRATEN Bad Salzuflen Unsere Kommune ist mit mehr als 50000 Einwohnern ein ideales Beispiel einerseits f\u00fcr Tausende \u00e4hnlich gro\u00dfer Kommunen, andererseits ein Mikrokosmos von dem, was sich in Gro\u00dfst\u00e4dten abspielt \u2013 nur \u00fcbersichtlicher.Die Steuerung liegt zentral in den H\u00e4nden der damit beauftragten Stadtwerke, deren Aufsichtsrat<\/p>\n<div class=\"moretag-wrap\"><a class=\"moretag btn btn-info\" href=\"http:\/\/www.fahrscheinfrei.de\/?page_id=426\">Weiterlesen<\/a><\/div>\n","protected":false},"author":3,"featured_media":0,"parent":0,"menu_order":0,"comment_status":"closed","ping_status":"closed","template":"","meta":{"footnotes":""},"class_list":["post-426","page","type-page","status-publish","hentry"],"_links":{"self":[{"href":"http:\/\/www.fahrscheinfrei.de\/index.php?rest_route=\/wp\/v2\/pages\/426","targetHints":{"allow":["GET"]}}],"collection":[{"href":"http:\/\/www.fahrscheinfrei.de\/index.php?rest_route=\/wp\/v2\/pages"}],"about":[{"href":"http:\/\/www.fahrscheinfrei.de\/index.php?rest_route=\/wp\/v2\/types\/page"}],"author":[{"embeddable":true,"href":"http:\/\/www.fahrscheinfrei.de\/index.php?rest_route=\/wp\/v2\/users\/3"}],"replies":[{"embeddable":true,"href":"http:\/\/www.fahrscheinfrei.de\/index.php?rest_route=%2Fwp%2Fv2%2Fcomments&post=426"}],"version-history":[{"count":8,"href":"http:\/\/www.fahrscheinfrei.de\/index.php?rest_route=\/wp\/v2\/pages\/426\/revisions"}],"predecessor-version":[{"id":463,"href":"http:\/\/www.fahrscheinfrei.de\/index.php?rest_route=\/wp\/v2\/pages\/426\/revisions\/463"}],"wp:attachment":[{"href":"http:\/\/www.fahrscheinfrei.de\/index.php?rest_route=%2Fwp%2Fv2%2Fmedia&parent=426"}],"curies":[{"name":"wp","href":"https:\/\/api.w.org\/{rel}","templated":true}]}}