{"id":37,"date":"2013-04-11T03:27:32","date_gmt":"2013-04-11T01:27:32","guid":{"rendered":"http:\/\/www.verkehrswendekonferenz.de\/?page_id=37"},"modified":"2013-04-11T04:26:21","modified_gmt":"2013-04-11T02:26:21","slug":"24-26-mai-2013-in-dusseldorf","status":"publish","type":"page","link":"http:\/\/www.fahrscheinfrei.de\/?page_id=37","title":{"rendered":"Einladung"},"content":{"rendered":"<h3>Einladung zur Verkehrswendekonferenz der Piratenfraktion im Landtag NRW<\/h3>\n<p><strong>Freitagabend 24. Mai bis Sonntag 26. Mai 2013<\/strong><br \/>\nin den R\u00e4umlichkeiten der Fachhochschule D\u00fcsseldorf, Campus Nord, Josef-Gockeln-Stra\u00dfe 9, 40474 D\u00fcsseldorf<br \/>\nDie Teilnahme ist kostenlos und offen f\u00fcr alle<\/p>\n<h3>\u00d6ffentliche Mobilit\u00e4t \u2013 Verkehr f\u00fcr Jahrzehnte gestalten<\/h3>\n<p>Die Verkehrswendekonferenz soll Experten, Ideen und Konzepte zusammenf\u00fchren und Prognosen sowie L\u00f6sungen f\u00fcr die Entwicklung der Verkehrsinfrastruktur dieses Jahrhunderts aufzeigen. Aktuelle &#8222;Kommissionen&#8220; liefern viele wichtige Hinweise und bedeutende Argumente f\u00fcr Verkehrspolitiker, sie liefern jedoch nur wenige Antworten bzgl. einer an den aktuellen Anforderungen ausgerichteten grundlegend neugedachten Verkehrspolitik.<\/p>\n<p><strong>Workshops \u2022 Vortr\u00e4ge \u2022 Podium \u2022 Barcamp am Sonntag<\/strong><\/p>\n","protected":false},"excerpt":{"rendered":"<p>Einladung zur Verkehrswendekonferenz der Piratenfraktion im Landtag NRW Freitagabend 24. Mai bis Sonntag 26. Mai 2013 in den R\u00e4umlichkeiten der Fachhochschule D\u00fcsseldorf, Campus Nord, Josef-Gockeln-Stra\u00dfe 9, 40474 D\u00fcsseldorf Die Teilnahme ist kostenlos und offen f\u00fcr alle \u00d6ffentliche Mobilit\u00e4t \u2013 Verkehr f\u00fcr Jahrzehnte gestalten Die Verkehrswendekonferenz soll Experten, Ideen und Konzepte zusammenf\u00fchren und Prognosen sowie L\u00f6sungen<\/p>\n<div class=\"moretag-wrap\"><a class=\"moretag btn btn-info\" href=\"http:\/\/www.fahrscheinfrei.de\/?page_id=37\">Weiterlesen<\/a><\/div>\n","protected":false},"author":1,"featured_media":0,"parent":0,"menu_order":0,"comment_status":"open","ping_status":"open","template":"","meta":{"footnotes":""},"class_list":["post-37","page","type-page","status-publish","hentry"],"_links":{"self":[{"href":"http:\/\/www.fahrscheinfrei.de\/index.php?rest_route=\/wp\/v2\/pages\/37","targetHints":{"allow":["GET"]}}],"collection":[{"href":"http:\/\/www.fahrscheinfrei.de\/index.php?rest_route=\/wp\/v2\/pages"}],"about":[{"href":"http:\/\/www.fahrscheinfrei.de\/index.php?rest_route=\/wp\/v2\/types\/page"}],"author":[{"embeddable":true,"href":"http:\/\/www.fahrscheinfrei.de\/index.php?rest_route=\/wp\/v2\/users\/1"}],"replies":[{"embeddable":true,"href":"http:\/\/www.fahrscheinfrei.de\/index.php?rest_route=%2Fwp%2Fv2%2Fcomments&post=37"}],"version-history":[{"count":5,"href":"http:\/\/www.fahrscheinfrei.de\/index.php?rest_route=\/wp\/v2\/pages\/37\/revisions"}],"predecessor-version":[{"id":46,"href":"http:\/\/www.fahrscheinfrei.de\/index.php?rest_route=\/wp\/v2\/pages\/37\/revisions\/46"}],"wp:attachment":[{"href":"http:\/\/www.fahrscheinfrei.de\/index.php?rest_route=%2Fwp%2Fv2%2Fmedia&parent=37"}],"curies":[{"name":"wp","href":"https:\/\/api.w.org\/{rel}","templated":true}]}}