{"id":146,"date":"2013-05-18T22:36:55","date_gmt":"2013-05-18T20:36:55","guid":{"rendered":"http:\/\/www.verkehrswendekonferenz.de\/?page_id=146"},"modified":"2019-09-07T00:05:48","modified_gmt":"2019-09-06T22:05:48","slug":"streaming-und-videos","status":"publish","type":"page","link":"http:\/\/www.fahrscheinfrei.de\/?page_id=146","title":{"rendered":"Videos"},"content":{"rendered":"<ul>\n<li><a href=\"https:\/\/www.youtube.com\/playlist?list=PLQ5csUOL2W3_kXGbR9pyo2sMz2KHHD06x\">YouTube-Playlist: 24 Vorurteile \u00fcber Bus und Bahn Fahrscheinfrei im Faktencheck \u2013 Videos von jeweils 30-40 Sekunden L\u00e4nge<\/a><\/li>\n<\/ul>\n<div style=\"position: relative; height: 0; padding-bottom: 56.25%;\"><iframe loading=\"lazy\" style=\"position: absolute; width: 100%; height: 100%; left: 0;\" src=\"https:\/\/www.youtube.com\/embed\/xhhQ1ZSFpFY?list=PLQ5csUOL2W3_kXGbR9pyo2sMz2KHHD06x?ecver=2\" width=\"640\" height=\"360\" frameborder=\"0\" allowfullscreen=\"allowfullscreen\"><\/iframe><\/div>\n<p>&nbsp;<\/p>\n<p><strong>Oliver Bayer: #fahrscheinfrei im \u00d6PNV damit NRW im Verkehr nicht erstickt!<\/strong><\/p>\n<div style=\"position: relative; height: 0; padding-bottom: 56.25%;\"><iframe loading=\"lazy\" src=\"https:\/\/www.youtube.com\/embed\/SHOyLCHnk_w?ecver=2\" width=\"640\" height=\"360\" frameborder=\"0\" allowfullscreen=\"allowfullscreen\"><\/iframe><\/div>\n<p>&nbsp;<\/p>\n<p><strong>Verr\u00fcckte V\u00f6gel in Bus und Bahn<\/strong><\/p>\n<div style=\"position: relative; height: 0; padding-bottom: 56.25%;\"><iframe loading=\"lazy\" style=\"position: absolute; width: 100%; height: 100%; left: 0;\" src=\"https:\/\/www.youtube.com\/embed\/YlXJkmV4YgU?list=PLQ5csUOL2W3_kXGbR9pyo2sMz2KHHD06x?ecver=2\" width=\"640\" height=\"360\" frameborder=\"0\" allowfullscreen=\"allowfullscreen\"><\/iframe><\/div>\n<p>&nbsp;<\/p>\n<p><strong>Pr\u00e4sentation der Studie am 30.01.2017 in einer historischen Stra\u00dfenbahn in D\u00fcsseldorf<\/strong><\/p>\n<div style=\"position: relative; height: 0; padding-bottom: 56.25%;\"><iframe loading=\"lazy\" style=\"position: absolute; width: 100%; height: 100%; left: 0;\" src=\"https:\/\/www.youtube.com\/embed\/ASn8fz6SQJs?list=PLQ5csUOL2W3_kXGbR9pyo2sMz2KHHD06x?ecver=2\" width=\"640\" height=\"360\" frameborder=\"0\" allowfullscreen=\"allowfullscreen\"><\/iframe><\/div>\n<p>&nbsp;<\/p>\n<p><strong>Vorgelesen: Bericht der Enquete-Kommission zur Finanzierung von Bus und Bahn im Landtag NRW <\/strong><br \/>\n<iframe loading=\"lazy\" src=\"https:\/\/www.youtube.com\/embed\/dYBjdbyOAgA?ecver=2\" width=\"640\" height=\"360\" frameborder=\"0\" allowfullscreen=\"allowfullscreen\"><\/iframe><\/p>\n<p>&nbsp;<\/p>\n<p><strong>Video-Zusammenfassung des Fahrscheinfreitags am 12.03.2016 in Essen<\/strong><br \/>\n<iframe loading=\"lazy\" src=\"http:\/\/www.youtube.com\/embed\/36hIVJt3DHQ?rel=0\" width=\"640\" height=\"360\" frameborder=\"0\" allowfullscreen=\"allowfullscreen\"><\/iframe><\/p>\n<p>&nbsp;<\/p>\n<p><strong>Teaser-Video zum Fahrscheinfreitag am 12.03.2016 in Essen<\/strong><br \/>\n<iframe loading=\"lazy\" src=\"http:\/\/www.youtube.com\/embed\/-S6mTWkMeuc?rel=0\" width=\"640\" height=\"360\" frameborder=\"0\" allowfullscreen=\"allowfullscreen\"><\/iframe><\/p>\n<p>&nbsp;<\/p>\n<p><strong>Eines von sechs Statements im Vorfeld der Veranstaltung<\/strong><br \/>\n<iframe loading=\"lazy\" src=\"https:\/\/www.youtube.com\/embed\/Z3bEOCrLR3o?rel=0\" width=\"640\" height=\"360\" frameborder=\"0\" allowfullscreen=\"allowfullscreen\"><\/iframe><\/p>\n<ul>\n<li><a href=\"https:\/\/www.youtube.com\/playlist?list=PLQ5csUOL2W3_kXGbR9pyo2sMz2KHHD06x\">Playlist weiterer Videos<\/a><\/li>\n<\/ul>\n<p>&nbsp;<\/p>\n<p><strong>Statement Oliver Bayer zu Fahrscheinfrei im Vest 1. Mai 2016<\/strong><br \/>\n<iframe loading=\"lazy\" src=\"https:\/\/www.youtube.com\/embed\/sk_-pFr-Vmw?rel=0&quot;\" width=\"640\" height=\"360\" frameborder=\"0\" allowfullscreen=\"allowfullscreen\"><\/iframe><\/p>\n<p>&nbsp;<\/p>\n<p><strong>Video &#8222;Kann Autonomes Fahren die Welt verbessern?&#8220;<\/strong><br \/>\nErfahrt in diesem Video wie Autonomes Fahren und Bus und Bahn fahrscheinfrei zusammen passen.<br \/>\n<iframe loading=\"lazy\" src=\"https:\/\/www.youtube.com\/embed\/pFkc5przf1U?rel=0&quot;\" width=\"640\" height=\"360\" frameborder=\"0\" allowfullscreen=\"allowfullscreen\"><\/iframe><\/p>\n<p>&nbsp;<\/p>\n<p><strong>Podcast der Verkehrswendekonferenz 2013<\/strong><br \/>\n<iframe loading=\"lazy\" src=\"http:\/\/www.youtube.com\/embed\/N-h_Igk_xU4?rel=0\" width=\"640\" height=\"360\" frameborder=\"0\" allowfullscreen=\"allowfullscreen\"><\/iframe><\/p>\n<p>&nbsp;<\/p>\n<p><strong>Teaser zur Verkehrswendekonferenz 2013 mit Oliver Bayer<\/strong><br \/>\n<iframe loading=\"lazy\" src=\"http:\/\/www.youtube.com\/embed\/4F09cCNJQyY?rel=0\" width=\"640\" height=\"360\" frameborder=\"0\" allowfullscreen=\"allowfullscreen\"><\/iframe><\/p>\n<p>&nbsp;<\/p>\n","protected":false},"excerpt":{"rendered":"<p>YouTube-Playlist: 24 Vorurteile \u00fcber Bus und Bahn Fahrscheinfrei im Faktencheck \u2013 Videos von jeweils 30-40 Sekunden L\u00e4nge &nbsp; Oliver Bayer: #fahrscheinfrei im \u00d6PNV damit NRW im Verkehr nicht erstickt! &nbsp; Verr\u00fcckte V\u00f6gel in Bus und Bahn &nbsp; Pr\u00e4sentation der Studie am 30.01.2017 in einer historischen Stra\u00dfenbahn in D\u00fcsseldorf &nbsp; Vorgelesen: Bericht der Enquete-Kommission zur Finanzierung<\/p>\n<div class=\"moretag-wrap\"><a class=\"moretag btn btn-info\" href=\"http:\/\/www.fahrscheinfrei.de\/?page_id=146\">Weiterlesen<\/a><\/div>\n","protected":false},"author":1,"featured_media":0,"parent":0,"menu_order":0,"comment_status":"open","ping_status":"open","template":"","meta":{"footnotes":""},"class_list":["post-146","page","type-page","status-publish","hentry"],"_links":{"self":[{"href":"http:\/\/www.fahrscheinfrei.de\/index.php?rest_route=\/wp\/v2\/pages\/146","targetHints":{"allow":["GET"]}}],"collection":[{"href":"http:\/\/www.fahrscheinfrei.de\/index.php?rest_route=\/wp\/v2\/pages"}],"about":[{"href":"http:\/\/www.fahrscheinfrei.de\/index.php?rest_route=\/wp\/v2\/types\/page"}],"author":[{"embeddable":true,"href":"http:\/\/www.fahrscheinfrei.de\/index.php?rest_route=\/wp\/v2\/users\/1"}],"replies":[{"embeddable":true,"href":"http:\/\/www.fahrscheinfrei.de\/index.php?rest_route=%2Fwp%2Fv2%2Fcomments&post=146"}],"version-history":[{"count":31,"href":"http:\/\/www.fahrscheinfrei.de\/index.php?rest_route=\/wp\/v2\/pages\/146\/revisions"}],"predecessor-version":[{"id":667,"href":"http:\/\/www.fahrscheinfrei.de\/index.php?rest_route=\/wp\/v2\/pages\/146\/revisions\/667"}],"wp:attachment":[{"href":"http:\/\/www.fahrscheinfrei.de\/index.php?rest_route=%2Fwp%2Fv2%2Fmedia&parent=146"}],"curies":[{"name":"wp","href":"https:\/\/api.w.org\/{rel}","templated":true}]}}